{"id":5895,"date":"2025-05-01T18:57:12","date_gmt":"2025-05-01T16:57:12","guid":{"rendered":"http:\/\/lezamaasesores.com\/colorin\/?page_id=5895"},"modified":"2025-06-15T17:11:44","modified_gmt":"2025-06-15T15:11:44","slug":"presupuesto-maquina","status":"publish","type":"page","link":"http:\/\/lezamaasesores.com\/colorin\/presupuesto-maquina\/","title":{"rendered":"Presupuesto maquina"},"content":{"rendered":"\t\t<div data-elementor-type=\"wp-page\" data-elementor-id=\"5895\" class=\"elementor elementor-5895\" data-elementor-post-type=\"page\">\n\t\t\t\t<div class=\"elementor-element elementor-element-aa1c031 e-flex e-con-boxed e-con e-parent\" data-id=\"aa1c031\" data-element_type=\"container\" data-settings=\"{&quot;background_background&quot;:&quot;classic&quot;,&quot;shape_divider_top&quot;:&quot;wave-brush&quot;}\">\n\t\t\t\t\t<div class=\"e-con-inner\">\n\t\t\t\t<div class=\"elementor-shape elementor-shape-top\" data-negative=\"false\">\n\t\t\t<svg xmlns=\"http:\/\/www.w3.org\/2000\/svg\" viewBox=\"0 0 283.5 27.8\" preserveAspectRatio=\"none\">\n\t<path class=\"elementor-shape-fill\" d=\"M283.5,9.7c0,0-7.3,4.3-14,4.6c-6.8,0.3-12.6,0-20.9-1.5c-11.3-2-33.1-10.1-44.7-5.7\ts-12.1,4.6-18,7.4c-6.6,3.2-20,9.6-36.6,9.3C131.6,23.5,99.5,7.2,86.3,8c-1.4,0.1-6.6,0.8-10.5,2c-3.8,1.2-9.4,3.8-17,4.7\tc-3.2,0.4-8.3,1.1-14.2,0.9c-1.5-0.1-6.3-0.4-12-1.6c-5.7-1.2-11-3.1-15.8-3.7C6.5,9.2,0,10.8,0,10.8V0h283.5V9.7z M260.8,11.3\tc-0.7-1-2-0.4-4.3-0.4c-2.3,0-6.1-1.2-5.8-1.1c0.3,0.1,3.1,1.5,6,1.9C259.7,12.2,261.4,12.3,260.8,11.3z M242.4,8.6\tc0,0-2.4-0.2-5.6-0.9c-3.2-0.8-10.3-2.8-15.1-3.5c-8.2-1.1-15.8,0-15.1,0.1c0.8,0.1,9.6-0.6,17.6,1.1c3.3,0.7,9.3,2.2,12.4,2.7\tC239.9,8.7,242.4,8.6,242.4,8.6z M185.2,8.5c1.7-0.7-13.3,4.7-18.5,6.1c-2.1,0.6-6.2,1.6-10,2c-3.9,0.4-8.9,0.4-8.8,0.5\tc0,0.2,5.8,0.8,11.2,0c5.4-0.8,5.2-1.1,7.6-1.6C170.5,14.7,183.5,9.2,185.2,8.5z M199.1,6.9c0.2,0-0.8-0.4-4.8,1.1\tc-4,1.5-6.7,3.5-6.9,3.7c-0.2,0.1,3.5-1.8,6.6-3C197,7.5,199,6.9,199.1,6.9z M283,6c-0.1,0.1-1.9,1.1-4.8,2.5s-6.9,2.8-6.7,2.7\tc0.2,0,3.5-0.6,7.4-2.5C282.8,6.8,283.1,5.9,283,6z M31.3,11.6c0.1-0.2-1.9-0.2-4.5-1.2s-5.4-1.6-7.8-2C15,7.6,7.3,8.5,7.7,8.6\tC8,8.7,15.9,8.3,20.2,9.3c2.2,0.5,2.4,0.5,5.7,1.6S31.2,11.9,31.3,11.6z M73,9.2c0.4-0.1,3.5-1.6,8.4-2.6c4.9-1.1,8.9-0.5,8.9-0.8\tc0-0.3-1-0.9-6.2-0.3S72.6,9.3,73,9.2z M71.6,6.7C71.8,6.8,75,5.4,77.3,5c2.3-0.3,1.9-0.5,1.9-0.6c0-0.1-1.1-0.2-2.7,0.2\tC74.8,5.1,71.4,6.6,71.6,6.7z M93.6,4.4c0.1,0.2,3.5,0.8,5.6,1.8c2.1,1,1.8,0.6,1.9,0.5c0.1-0.1-0.8-0.8-2.4-1.3\tC97.1,4.8,93.5,4.2,93.6,4.4z M65.4,11.1c-0.1,0.3,0.3,0.5,1.9-0.2s2.6-1.3,2.2-1.2s-0.9,0.4-2.5,0.8C65.3,10.9,65.5,10.8,65.4,11.1\tz M34.5,12.4c-0.2,0,2.1,0.8,3.3,0.9c1.2,0.1,2,0.1,2-0.2c0-0.3-0.1-0.5-1.6-0.4C36.6,12.8,34.7,12.4,34.5,12.4z M152.2,21.1\tc-0.1,0.1-2.4-0.3-7.5-0.3c-5,0-13.6-2.4-17.2-3.5c-3.6-1.1,10,3.9,16.5,4.1C150.5,21.6,152.3,21,152.2,21.1z\"\/>\n\t<path class=\"elementor-shape-fill\" d=\"M269.6,18c-0.1-0.1-4.6,0.3-7.2,0c-7.3-0.7-17-3.2-16.6-2.9c0.4,0.3,13.7,3.1,17,3.3\tC267.7,18.8,269.7,18,269.6,18z\"\/>\n\t<path class=\"elementor-shape-fill\" d=\"M227.4,9.8c-0.2-0.1-4.5-1-9.5-1.2c-5-0.2-12.7,0.6-12.3,0.5c0.3-0.1,5.9-1.8,13.3-1.2\tS227.6,9.9,227.4,9.8z\"\/>\n\t<path class=\"elementor-shape-fill\" d=\"M204.5,13.4c-0.1-0.1,2-1,3.2-1.1c1.2-0.1,2,0,2,0.3c0,0.3-0.1,0.5-1.6,0.4\tC206.4,12.9,204.6,13.5,204.5,13.4z\"\/>\n\t<path class=\"elementor-shape-fill\" d=\"M201,10.6c0-0.1-4.4,1.2-6.3,2.2c-1.9,0.9-6.2,3.1-6.1,3.1c0.1,0.1,4.2-1.6,6.3-2.6\tS201,10.7,201,10.6z\"\/>\n\t<path class=\"elementor-shape-fill\" d=\"M154.5,26.7c-0.1-0.1-4.6,0.3-7.2,0c-7.3-0.7-17-3.2-16.6-2.9c0.4,0.3,13.7,3.1,17,3.3\tC152.6,27.5,154.6,26.8,154.5,26.7z\"\/>\n\t<path class=\"elementor-shape-fill\" d=\"M41.9,19.3c0,0,1.2-0.3,2.9-0.1c1.7,0.2,5.8,0.9,8.2,0.7c4.2-0.4,7.4-2.7,7-2.6\tc-0.4,0-4.3,2.2-8.6,1.9c-1.8-0.1-5.1-0.5-6.7-0.4S41.9,19.3,41.9,19.3z\"\/>\n\t<path class=\"elementor-shape-fill\" d=\"M75.5,12.6c0.2,0.1,2-0.8,4.3-1.1c2.3-0.2,2.1-0.3,2.1-0.5c0-0.1-1.8-0.4-3.4,0\tC76.9,11.5,75.3,12.5,75.5,12.6z\"\/>\n\t<path class=\"elementor-shape-fill\" d=\"M15.6,13.2c0-0.1,4.3,0,6.7,0.5c2.4,0.5,5,1.9,5,2c0,0.1-2.7-0.8-5.1-1.4\tC19.9,13.7,15.7,13.3,15.6,13.2z\"\/>\n<\/svg>\t\t<\/div>\n\t\t\t\t<div class=\"elementor-element elementor-element-01fb72f elementor-widget elementor-widget-text-editor\" data-id=\"01fb72f\" data-element_type=\"widget\" data-widget_type=\"text-editor.default\">\n\t\t\t\t<div class=\"elementor-widget-container\">\n\t\t\t\t\t\t\t\t\t<p>Solicita Informaci\u00f3n<\/p>\t\t\t\t\t\t\t\t<\/div>\n\t\t\t\t<\/div>\n\t\t<div class=\"elementor-element elementor-element-c891a70 e-con-full e-flex e-con e-child\" data-id=\"c891a70\" data-element_type=\"container\">\n\t\t<div class=\"elementor-element elementor-element-45d4c36 e-con-full e-flex e-con e-child\" data-id=\"45d4c36\" data-element_type=\"container\">\n\t\t\t\t<\/div>\n\t\t<div class=\"elementor-element elementor-element-85ec042 e-con-full e-flex e-con e-child\" data-id=\"85ec042\" data-element_type=\"container\">\n\t\t\t\t<div class=\"elementor-element elementor-element-a645690 elementor-widget elementor-widget-elementskit-contact-form7\" data-id=\"a645690\" data-element_type=\"widget\" data-widget_type=\"elementskit-contact-form7.default\">\n\t\t\t\t<div class=\"elementor-widget-container\">\n\t\t\t\t\t<div class=\"ekit-wid-con\" ><div class=\"ekit-form\">\n<div class=\"wpcf7 no-js\" id=\"wpcf7-f6113-o1\" lang=\"es-ES\" dir=\"ltr\" data-wpcf7-id=\"6113\">\n<div class=\"screen-reader-response\"><p role=\"status\" aria-live=\"polite\" aria-atomic=\"true\"><\/p> <ul><\/ul><\/div>\n<form action=\"\/colorin\/wp-json\/wp\/v2\/pages\/5895#wpcf7-f6113-o1\" method=\"post\" class=\"wpcf7-form init\" aria-label=\"Formulario de contacto\" novalidate=\"novalidate\" data-status=\"init\">\n<div style=\"display: none;\">\n<input type=\"hidden\" name=\"_wpcf7\" value=\"6113\" \/>\n<input type=\"hidden\" name=\"_wpcf7_version\" value=\"6.0.6\" \/>\n<input type=\"hidden\" name=\"_wpcf7_locale\" value=\"es_ES\" \/>\n<input type=\"hidden\" name=\"_wpcf7_unit_tag\" value=\"wpcf7-f6113-o1\" \/>\n<input type=\"hidden\" name=\"_wpcf7_container_post\" value=\"0\" \/>\n<input type=\"hidden\" name=\"_wpcf7_posted_data_hash\" value=\"\" \/>\n<input type=\"hidden\" name=\"_wpcf7_recaptcha_response\" value=\"\" \/>\n<\/div>\n<div class=\"form-columns\">\n\n <!-- Nombre completo -->\n\t<div class=\"form-col-100\">\n\t\t<p><label>Nombre completo<\/label><br \/>\n<span class=\"wpcf7-form-control-wrap\" data-name=\"your-name\"><input size=\"40\" maxlength=\"400\" class=\"wpcf7-form-control wpcf7-text wpcf7-validates-as-required\" aria-required=\"true\" aria-invalid=\"false\" placeholder=\"Escribe tu nombre completo\" value=\"\" type=\"text\" name=\"your-name\" \/><\/span>\n\t\t<\/p>\n\t<\/div>\n\n <!-- Pa\u00eds y ciudad -->\n\t<div class=\"form-col-50\">\n\t\t<p><label>Pa\u00eds<\/label><br \/>\n<span class=\"wpcf7-form-control-wrap\" data-name=\"your-country\"><select class=\"wpcf7-form-control wpcf7-select wpcf7-validates-as-required\" aria-required=\"true\" aria-invalid=\"false\" name=\"your-country\"><option value=\"\">&#8212;Por favor, elige una opci\u00f3n&#8212;<\/option><option value=\"\ud83c\udde6\ud83c\uddf1 Albania\">\ud83c\udde6\ud83c\uddf1 Albania<\/option><option value=\"\ud83c\udde9\ud83c\uddea Alemania\">\ud83c\udde9\ud83c\uddea Alemania<\/option><option value=\"\ud83c\udde6\ud83c\udde9 Andorra\">\ud83c\udde6\ud83c\udde9 Andorra<\/option><option value=\"\ud83c\udde6\ud83c\uddf2 Armenia\">\ud83c\udde6\ud83c\uddf2 Armenia<\/option><option value=\"\ud83c\udde6\ud83c\uddf9 Austria\">\ud83c\udde6\ud83c\uddf9 Austria<\/option><option value=\"\ud83c\udde6\ud83c\uddff Azerbaiy\u00e1n\">\ud83c\udde6\ud83c\uddff Azerbaiy\u00e1n<\/option><option value=\"\ud83c\udde7\ud83c\uddea B\u00e9lgica\">\ud83c\udde7\ud83c\uddea B\u00e9lgica<\/option><option value=\"\ud83c\udde7\ud83c\uddfe Bielorrusia\">\ud83c\udde7\ud83c\uddfe Bielorrusia<\/option><option value=\"\ud83c\udde7\ud83c\udde6 Bosnia y Herzegovina\">\ud83c\udde7\ud83c\udde6 Bosnia y Herzegovina<\/option><option value=\"\ud83c\udde7\ud83c\uddec Bulgaria\">\ud83c\udde7\ud83c\uddec Bulgaria<\/option><option value=\"\ud83c\udde8\ud83c\uddfe Chipre\">\ud83c\udde8\ud83c\uddfe Chipre<\/option><option value=\"\ud83c\udded\ud83c\uddf7 Croacia\">\ud83c\udded\ud83c\uddf7 Croacia<\/option><option value=\"\ud83c\udde9\ud83c\uddf0 Dinamarca\">\ud83c\udde9\ud83c\uddf0 Dinamarca<\/option><option value=\"\ud83c\uddf8\ud83c\uddf0 Eslovaquia\">\ud83c\uddf8\ud83c\uddf0 Eslovaquia<\/option><option value=\"\ud83c\uddf8\ud83c\uddee Eslovenia\">\ud83c\uddf8\ud83c\uddee Eslovenia<\/option><option value=\"\ud83c\uddea\ud83c\uddf8 Espa\u00f1a\">\ud83c\uddea\ud83c\uddf8 Espa\u00f1a<\/option><option value=\"\ud83c\uddea\ud83c\uddea Estonia\">\ud83c\uddea\ud83c\uddea Estonia<\/option><option value=\"\ud83c\uddeb\ud83c\uddee Finlandia\">\ud83c\uddeb\ud83c\uddee Finlandia<\/option><option value=\"\ud83c\uddeb\ud83c\uddf7 Francia\">\ud83c\uddeb\ud83c\uddf7 Francia<\/option><option value=\"\ud83c\uddec\ud83c\uddea Georgia\">\ud83c\uddec\ud83c\uddea Georgia<\/option><option value=\"\ud83c\uddec\ud83c\uddf7 Grecia\">\ud83c\uddec\ud83c\uddf7 Grecia<\/option><option value=\"\ud83c\udded\ud83c\uddfa Hungr\u00eda\">\ud83c\udded\ud83c\uddfa Hungr\u00eda<\/option><option value=\"\ud83c\uddee\ud83c\uddea Irlanda\">\ud83c\uddee\ud83c\uddea Irlanda<\/option><option value=\"\ud83c\uddee\ud83c\uddf8 Islandia\">\ud83c\uddee\ud83c\uddf8 Islandia<\/option><option value=\"\ud83c\uddee\ud83c\uddf9 Italia\">\ud83c\uddee\ud83c\uddf9 Italia<\/option><option value=\"\ud83c\uddf0\ud83c\uddff Kazajist\u00e1n (europeo)\">\ud83c\uddf0\ud83c\uddff Kazajist\u00e1n (europeo)<\/option><option value=\"\ud83c\uddfd\ud83c\uddf0 Kosovo\">\ud83c\uddfd\ud83c\uddf0 Kosovo<\/option><option value=\"\ud83c\uddf1\ud83c\uddfb Letonia\">\ud83c\uddf1\ud83c\uddfb Letonia<\/option><option value=\"\ud83c\uddf1\ud83c\uddee Liechtenstein\">\ud83c\uddf1\ud83c\uddee Liechtenstein<\/option><option value=\"\ud83c\uddf1\ud83c\uddf9 Lituania\">\ud83c\uddf1\ud83c\uddf9 Lituania<\/option><option value=\"\ud83c\uddf1\ud83c\uddfa Luxemburgo\">\ud83c\uddf1\ud83c\uddfa Luxemburgo<\/option><option value=\"\ud83c\uddf2\ud83c\uddf9 Malta\">\ud83c\uddf2\ud83c\uddf9 Malta<\/option><option value=\"\ud83c\uddf2\ud83c\udde9 Moldavia\">\ud83c\uddf2\ud83c\udde9 Moldavia<\/option><option value=\"\ud83c\uddf2\ud83c\udde8 M\u00f3naco\">\ud83c\uddf2\ud83c\udde8 M\u00f3naco<\/option><option value=\"\ud83c\uddf2\ud83c\uddea Montenegro\">\ud83c\uddf2\ud83c\uddea Montenegro<\/option><option value=\"\ud83c\uddf3\ud83c\uddf4 Noruega\">\ud83c\uddf3\ud83c\uddf4 Noruega<\/option><option value=\"\ud83c\uddf3\ud83c\uddf1 Pa\u00edses Bajos\">\ud83c\uddf3\ud83c\uddf1 Pa\u00edses Bajos<\/option><option value=\"\ud83c\uddf5\ud83c\uddf1 Polonia\">\ud83c\uddf5\ud83c\uddf1 Polonia<\/option><option value=\"\ud83c\uddf5\ud83c\uddf9 Portugal\">\ud83c\uddf5\ud83c\uddf9 Portugal<\/option><option value=\"\ud83c\uddec\ud83c\udde7 Reino Unido\">\ud83c\uddec\ud83c\udde7 Reino Unido<\/option><option value=\"\ud83c\udde8\ud83c\uddff Rep\u00fablica Checa\">\ud83c\udde8\ud83c\uddff Rep\u00fablica Checa<\/option><option value=\"\ud83c\uddf7\ud83c\uddf4 Ruman\u00eda\">\ud83c\uddf7\ud83c\uddf4 Ruman\u00eda<\/option><option value=\"\ud83c\uddf7\ud83c\uddfa Rusia (europea)\">\ud83c\uddf7\ud83c\uddfa Rusia (europea)<\/option><option value=\"\ud83c\uddf8\ud83c\uddf2 San Marino\">\ud83c\uddf8\ud83c\uddf2 San Marino<\/option><option value=\"\ud83c\uddf7\ud83c\uddf8 Serbia\">\ud83c\uddf7\ud83c\uddf8 Serbia<\/option><option value=\"\ud83c\uddf8\ud83c\uddea Suecia\">\ud83c\uddf8\ud83c\uddea Suecia<\/option><option value=\"\ud83c\udde8\ud83c\udded Suiza\">\ud83c\udde8\ud83c\udded Suiza<\/option><option value=\"\ud83c\uddf9\ud83c\uddf7 Turqu\u00eda (europea)\">\ud83c\uddf9\ud83c\uddf7 Turqu\u00eda (europea)<\/option><option value=\"\ud83c\uddfa\ud83c\udde6 Ucrania\">\ud83c\uddfa\ud83c\udde6 Ucrania<\/option><option value=\"\ud83c\uddfb\ud83c\udde6 Vaticano\">\ud83c\uddfb\ud83c\udde6 Vaticano<\/option><\/select><\/span>\n\t\t<\/p>\n\t<\/div>\n\t<div class=\"form-col-50\">\n\t\t<p><label>Ciudad<\/label><br \/>\n<span class=\"wpcf7-form-control-wrap\" data-name=\"your-city\"><input size=\"40\" maxlength=\"400\" class=\"wpcf7-form-control wpcf7-text wpcf7-validates-as-required\" aria-required=\"true\" aria-invalid=\"false\" placeholder=\"Ciudad\" value=\"\" type=\"text\" name=\"your-city\" \/><\/span>\n\t\t<\/p>\n\t<\/div>\n\n <!-- Tel\u00e9fono -->\n\t<div class=\"form-col-100 telefono-ajustada\">\n\t\t<p><label>Tel\u00e9fono<\/label>\n\t\t<\/p>\n\t\t<div class=\"form-columns\">\n\t\t\t<div class=\"form-col-a30\">\n\t\t\t\t<p><span class=\"wpcf7-form-control-wrap\" data-name=\"tel-prefix\"><select class=\"wpcf7-form-control wpcf7-select wpcf7-validates-as-required\" aria-required=\"true\" aria-invalid=\"false\" name=\"tel-prefix\"><option value=\"\">&#8212;Por favor, elige una opci\u00f3n&#8212;<\/option><option value=\"\ud83c\udde6\ud83c\uddf1 +355\">\ud83c\udde6\ud83c\uddf1 +355<\/option><option value=\"\ud83c\udde9\ud83c\uddea +49\">\ud83c\udde9\ud83c\uddea +49<\/option><option value=\"\ud83c\udde6\ud83c\udde9 +376\">\ud83c\udde6\ud83c\udde9 +376<\/option><option value=\"\ud83c\udde6\ud83c\uddf2 +374\">\ud83c\udde6\ud83c\uddf2 +374<\/option><option value=\"\ud83c\udde6\ud83c\uddf9 +43\">\ud83c\udde6\ud83c\uddf9 +43<\/option><option value=\"\ud83c\udde6\ud83c\uddff +994\">\ud83c\udde6\ud83c\uddff +994<\/option><option value=\"\ud83c\udde7\ud83c\uddea +32\">\ud83c\udde7\ud83c\uddea +32<\/option><option value=\"\ud83c\udde7\ud83c\uddfe +375\">\ud83c\udde7\ud83c\uddfe +375<\/option><option value=\"\ud83c\udde7\ud83c\udde6 +387\">\ud83c\udde7\ud83c\udde6 +387<\/option><option value=\"\ud83c\udde7\ud83c\uddec +359\">\ud83c\udde7\ud83c\uddec +359<\/option><option value=\"\ud83c\udde8\ud83c\uddfe +357\">\ud83c\udde8\ud83c\uddfe +357<\/option><option value=\"\ud83c\udded\ud83c\uddf7 +385\">\ud83c\udded\ud83c\uddf7 +385<\/option><option value=\"\ud83c\udde9\ud83c\uddf0 +45\">\ud83c\udde9\ud83c\uddf0 +45<\/option><option value=\"\ud83c\uddf8\ud83c\uddf0 +421\">\ud83c\uddf8\ud83c\uddf0 +421<\/option><option value=\"\ud83c\uddf8\ud83c\uddee +386\">\ud83c\uddf8\ud83c\uddee +386<\/option><option value=\"\ud83c\uddea\ud83c\uddf8 +34\">\ud83c\uddea\ud83c\uddf8 +34<\/option><option value=\"\ud83c\uddea\ud83c\uddea +372\">\ud83c\uddea\ud83c\uddea +372<\/option><option value=\"\ud83c\uddeb\ud83c\uddee +358\">\ud83c\uddeb\ud83c\uddee +358<\/option><option value=\"\ud83c\uddeb\ud83c\uddf7 +33\">\ud83c\uddeb\ud83c\uddf7 +33<\/option><option value=\"\ud83c\uddec\ud83c\uddea +995\">\ud83c\uddec\ud83c\uddea +995<\/option><option value=\"\ud83c\uddec\ud83c\uddf7 +30\">\ud83c\uddec\ud83c\uddf7 +30<\/option><option value=\"\ud83c\udded\ud83c\uddfa +36\">\ud83c\udded\ud83c\uddfa +36<\/option><option value=\"\ud83c\uddee\ud83c\uddea +353\">\ud83c\uddee\ud83c\uddea +353<\/option><option value=\"\ud83c\uddee\ud83c\uddf8 +354\">\ud83c\uddee\ud83c\uddf8 +354<\/option><option value=\"\ud83c\uddee\ud83c\uddf9 +39\">\ud83c\uddee\ud83c\uddf9 +39<\/option><option value=\"\ud83c\uddf0\ud83c\uddff +7\">\ud83c\uddf0\ud83c\uddff +7<\/option><option value=\"\ud83c\uddfd\ud83c\uddf0 +383\">\ud83c\uddfd\ud83c\uddf0 +383<\/option><option value=\"\ud83c\uddf1\ud83c\uddfb +371\">\ud83c\uddf1\ud83c\uddfb +371<\/option><option value=\"\ud83c\uddf1\ud83c\uddee +423\">\ud83c\uddf1\ud83c\uddee +423<\/option><option value=\"\ud83c\uddf1\ud83c\uddf9 +370\">\ud83c\uddf1\ud83c\uddf9 +370<\/option><option value=\"\ud83c\uddf1\ud83c\uddfa +352\">\ud83c\uddf1\ud83c\uddfa +352<\/option><option value=\"\ud83c\uddf2\ud83c\uddf9 +356\">\ud83c\uddf2\ud83c\uddf9 +356<\/option><option value=\"\ud83c\uddf2\ud83c\udde9 +373\">\ud83c\uddf2\ud83c\udde9 +373<\/option><option value=\"\ud83c\uddf2\ud83c\udde8 +377\">\ud83c\uddf2\ud83c\udde8 +377<\/option><option value=\"\ud83c\uddf2\ud83c\uddea +382\">\ud83c\uddf2\ud83c\uddea +382<\/option><option value=\"\ud83c\uddf3\ud83c\uddf4 +47\">\ud83c\uddf3\ud83c\uddf4 +47<\/option><option value=\"\ud83c\uddf3\ud83c\uddf1 +31\">\ud83c\uddf3\ud83c\uddf1 +31<\/option><option value=\"\ud83c\uddf5\ud83c\uddf1 +48\">\ud83c\uddf5\ud83c\uddf1 +48<\/option><option value=\"\ud83c\uddf5\ud83c\uddf9 +351\">\ud83c\uddf5\ud83c\uddf9 +351<\/option><option value=\"\ud83c\uddec\ud83c\udde7 +44\">\ud83c\uddec\ud83c\udde7 +44<\/option><option value=\"\ud83c\udde8\ud83c\uddff +420\">\ud83c\udde8\ud83c\uddff +420<\/option><option value=\"\ud83c\uddf7\ud83c\uddf4 +40\">\ud83c\uddf7\ud83c\uddf4 +40<\/option><option value=\"\ud83c\uddf7\ud83c\uddfa +7\">\ud83c\uddf7\ud83c\uddfa +7<\/option><option value=\"\ud83c\uddf8\ud83c\uddf2 +378\">\ud83c\uddf8\ud83c\uddf2 +378<\/option><option value=\"\ud83c\uddf7\ud83c\uddf8 +381\">\ud83c\uddf7\ud83c\uddf8 +381<\/option><option value=\"\ud83c\uddf8\ud83c\uddea +46\">\ud83c\uddf8\ud83c\uddea +46<\/option><option value=\"\ud83c\udde8\ud83c\udded +41\">\ud83c\udde8\ud83c\udded +41<\/option><option value=\"\ud83c\uddf9\ud83c\uddf7 +90\">\ud83c\uddf9\ud83c\uddf7 +90<\/option><option value=\"\ud83c\uddfa\ud83c\udde6 +380\">\ud83c\uddfa\ud83c\udde6 +380<\/option><option value=\"\ud83c\uddfb\ud83c\udde6 +379\">\ud83c\uddfb\ud83c\udde6 +379<\/option><\/select><\/span>\n\t\t\t\t<\/p>\n\t\t\t<\/div>\n\t\t\t<div class=\"form-col-a70\">\n\t\t\t\t<p><span class=\"wpcf7-form-control-wrap\" data-name=\"phone-number\"><input size=\"40\" maxlength=\"400\" class=\"wpcf7-form-control wpcf7-text wpcf7-validates-as-required\" aria-required=\"true\" aria-invalid=\"false\" placeholder=\"N\u00famero de tel\u00e9fono\" value=\"\" type=\"text\" name=\"phone-number\" \/><\/span>\n\t\t\t\t<\/p>\n\t\t\t<\/div>\n\t\t<\/div>\n\t<\/div>\n\n <!-- M\u00e1quina y Email -->\n\t<div class=\"form-col-50\">\n\t\t<p><label>Selecciona tu m\u00e1quina<\/label><br \/>\n<span class=\"wpcf7-form-control-wrap\" data-name=\"imagen_maquina\"><select class=\"wpcf7-form-control wpcf7-select wpcf7-validates-as-required\" aria-required=\"true\" aria-invalid=\"false\" name=\"imagen_maquina\"><option value=\"\">&#8212;Por favor, elige una opci\u00f3n&#8212;<\/option><option value=\"M\u00e1quina Dulce Color\u00edn DG 320\">M\u00e1quina Dulce Color\u00edn DG 320<\/option><option value=\"M\u00e1quina Dulce Color\u00edn DG 330\">M\u00e1quina Dulce Color\u00edn DG 330<\/option><option value=\"M\u00e1quina propia DG 320\">M\u00e1quina propia DG 320<\/option><option value=\"M\u00e1quina propia DG 330\">M\u00e1quina propia DG 330<\/option><option value=\"M\u00e1quina Port\u00e1til DG P500\">M\u00e1quina Port\u00e1til DG P500<\/option><option value=\"Solicitar consejo\">Solicitar consejo<\/option><\/select><\/span>\n\t\t<\/p>\n\t<\/div>\n\t<div class=\"form-col-50\">\n\t\t<p><label>Email<\/label><br \/>\n<span class=\"wpcf7-form-control-wrap\" data-name=\"your-email\"><input size=\"40\" maxlength=\"400\" class=\"wpcf7-form-control wpcf7-email wpcf7-validates-as-required wpcf7-text wpcf7-validates-as-email\" aria-required=\"true\" aria-invalid=\"false\" placeholder=\"ejemplo@correo.com\" value=\"\" type=\"email\" name=\"your-email\" \/><\/span>\n\t\t<\/p>\n\t<\/div>\n\n <!-- \u00bfQu\u00e9 necesitas? -->\n\t<div class=\"form-col-50\">\n\t\t<p><label>\u00bfQu\u00e9 necesitas?<\/label><br \/>\n<span class=\"wpcf7-form-control-wrap\" data-name=\"your-topic\"><select class=\"wpcf7-form-control wpcf7-select wpcf7-validates-as-required\" aria-required=\"true\" aria-invalid=\"false\" name=\"your-topic\"><option value=\"\">&#8212;Por favor, elige una opci\u00f3n&#8212;<\/option><option value=\"Comprar la m\u00e1quina\">Comprar la m\u00e1quina<\/option><option value=\"Solicitar informaci\u00f3n\">Solicitar informaci\u00f3n<\/option><\/select><\/span>\n\t\t<\/p>\n\t<\/div>\n\t<div class=\"form-col-50\">\n\t\t<p><label>\u00bfCuantas unidades?<\/label><br \/>\n<span class=\"wpcf7-form-control-wrap\" data-name=\"text-629\"><input size=\"40\" maxlength=\"400\" class=\"wpcf7-form-control wpcf7-text\" aria-invalid=\"false\" value=\"\" type=\"text\" name=\"text-629\" \/><\/span>\n\t\t<\/p>\n\t<\/div>\n\n <!-- Comentario (opcional) -->\n\t<div class=\"form-col-100\">\n\t\t<p><label>Comentario<\/label><br \/>\n<span class=\"wpcf7-form-control-wrap\" data-name=\"your-message\"><textarea cols=\"40\" rows=\"10\" maxlength=\"2000\" class=\"wpcf7-form-control wpcf7-textarea\" aria-invalid=\"false\" placeholder=\"Escribe tu consulta\" name=\"your-message\"><\/textarea><\/span>\n\t\t<\/p>\n\t<\/div>\n\n <!-- Privacidad -->\n\t<div class=\"form-col-100\">\n\t\t<p><label>Enviando este email acepto la pol\u00edtica de privacidad<\/label>\n\t\t<\/p>\n\t<\/div>\n\n <!-- Bot\u00f3n enviar -->\n\t<div class=\"form-col-100\">\n\t\t<p><input class=\"wpcf7-form-control wpcf7-submit has-spinner\" type=\"submit\" value=\"Enviar\" \/>\n\t\t<\/p>\n\t<\/div>\n<\/div><div class=\"wpcf7-response-output\" aria-hidden=\"true\"><\/div>\n<\/form>\n<\/div>\n<\/div><\/div>\t\t\t\t<\/div>\n\t\t\t\t<\/div>\n\t\t\t\t<\/div>\n\t\t<div class=\"elementor-element elementor-element-4c35298 e-con-full e-flex e-con e-child\" data-id=\"4c35298\" data-element_type=\"container\">\n\t\t\t\t<\/div>\n\t\t\t\t<\/div>\n\t\t\t\t\t<\/div>\n\t\t\t\t<\/div>\n\t\t\t\t<\/div>\n\t\t","protected":false},"excerpt":{"rendered":"<p>Solicita Informaci\u00f3n Nombre completo Pa\u00eds &#8212;Por favor, elige una opci\u00f3n&#8212;\ud83c\udde6\ud83c\uddf1 Albania\ud83c\udde9\ud83c\uddea Alemania\ud83c\udde6\ud83c\udde9 Andorra\ud83c\udde6\ud83c\uddf2 Armenia\ud83c\udde6\ud83c\uddf9 Austria\ud83c\udde6\ud83c\uddff Azerbaiy\u00e1n\ud83c\udde7\ud83c\uddea B\u00e9lgica\ud83c\udde7\ud83c\uddfe Bielorrusia\ud83c\udde7\ud83c\udde6 Bosnia y Herzegovina\ud83c\udde7\ud83c\uddec Bulgaria\ud83c\udde8\ud83c\uddfe Chipre\ud83c\udded\ud83c\uddf7 Croacia\ud83c\udde9\ud83c\uddf0 Dinamarca\ud83c\uddf8\ud83c\uddf0 Eslovaquia\ud83c\uddf8\ud83c\uddee Eslovenia\ud83c\uddea\ud83c\uddf8 Espa\u00f1a\ud83c\uddea\ud83c\uddea Estonia\ud83c\uddeb\ud83c\uddee Finlandia\ud83c\uddeb\ud83c\uddf7 Francia\ud83c\uddec\ud83c\uddea Georgia\ud83c\uddec\ud83c\uddf7 Grecia\ud83c\udded\ud83c\uddfa Hungr\u00eda\ud83c\uddee\ud83c\uddea Irlanda\ud83c\uddee\ud83c\uddf8 Islandia\ud83c\uddee\ud83c\uddf9 Italia\ud83c\uddf0\ud83c\uddff Kazajist\u00e1n (europeo)\ud83c\uddfd\ud83c\uddf0 Kosovo\ud83c\uddf1\ud83c\uddfb Letonia\ud83c\uddf1\ud83c\uddee Liechtenstein\ud83c\uddf1\ud83c\uddf9 Lituania\ud83c\uddf1\ud83c\uddfa Luxemburgo\ud83c\uddf2\ud83c\uddf9 Malta\ud83c\uddf2\ud83c\udde9 Moldavia\ud83c\uddf2\ud83c\udde8 M\u00f3naco\ud83c\uddf2\ud83c\uddea Montenegro\ud83c\uddf3\ud83c\uddf4 Noruega\ud83c\uddf3\ud83c\uddf1 Pa\u00edses Bajos\ud83c\uddf5\ud83c\uddf1 Polonia\ud83c\uddf5\ud83c\uddf9 Portugal\ud83c\uddec\ud83c\udde7 Reino Unido\ud83c\udde8\ud83c\uddff [&hellip;]<\/p>\n","protected":false},"author":1,"featured_media":0,"parent":0,"menu_order":0,"comment_status":"closed","ping_status":"closed","template":"","meta":{"footnotes":""},"class_list":["post-5895","page","type-page","status-publish","hentry"],"_links":{"self":[{"href":"http:\/\/lezamaasesores.com\/colorin\/wp-json\/wp\/v2\/pages\/5895","targetHints":{"allow":["GET"]}}],"collection":[{"href":"http:\/\/lezamaasesores.com\/colorin\/wp-json\/wp\/v2\/pages"}],"about":[{"href":"http:\/\/lezamaasesores.com\/colorin\/wp-json\/wp\/v2\/types\/page"}],"author":[{"embeddable":true,"href":"http:\/\/lezamaasesores.com\/colorin\/wp-json\/wp\/v2\/users\/1"}],"replies":[{"embeddable":true,"href":"http:\/\/lezamaasesores.com\/colorin\/wp-json\/wp\/v2\/comments?post=5895"}],"version-history":[{"count":58,"href":"http:\/\/lezamaasesores.com\/colorin\/wp-json\/wp\/v2\/pages\/5895\/revisions"}],"predecessor-version":[{"id":6612,"href":"http:\/\/lezamaasesores.com\/colorin\/wp-json\/wp\/v2\/pages\/5895\/revisions\/6612"}],"wp:attachment":[{"href":"http:\/\/lezamaasesores.com\/colorin\/wp-json\/wp\/v2\/media?parent=5895"}],"curies":[{"name":"wp","href":"https:\/\/api.w.org\/{rel}","templated":true}]}}