{"id":3,"date":"2025-04-29T18:55:16","date_gmt":"2025-04-29T16:55:16","guid":{"rendered":"http:\/\/lezamaasesores.com\/colorin\/?page_id=3"},"modified":"2025-05-08T12:25:57","modified_gmt":"2025-05-08T10:25:57","slug":"politica-privacidad","status":"publish","type":"page","link":"http:\/\/lezamaasesores.com\/colorin\/politica-privacidad\/","title":{"rendered":"Pol\u00edtica de privacidad"},"content":{"rendered":"\t\t<div data-elementor-type=\"wp-page\" data-elementor-id=\"3\" class=\"elementor elementor-3\" data-elementor-post-type=\"page\">\n\t\t\t\t<div class=\"elementor-element elementor-element-b74ffa3 e-flex e-con-boxed e-con e-parent\" data-id=\"b74ffa3\" data-element_type=\"container\">\n\t\t\t\t\t<div class=\"e-con-inner\">\n\t\t\t\t<div class=\"elementor-element elementor-element-83993ea elementor-widget elementor-widget-text-editor\" data-id=\"83993ea\" data-element_type=\"widget\" data-widget_type=\"text-editor.default\">\n\t\t\t\t<div class=\"elementor-widget-container\">\n\t\t\t\t\t\t\t\t\t<p>Pol\u00edtica de Privacidad<\/p>\t\t\t\t\t\t\t\t<\/div>\n\t\t\t\t<\/div>\n\t\t\t\t<div class=\"elementor-element elementor-element-ab04373 elementor-widget elementor-widget-text-editor\" data-id=\"ab04373\" data-element_type=\"widget\" data-widget_type=\"text-editor.default\">\n\t\t\t\t<div class=\"elementor-widget-container\">\n\t\t\t\t\t\t\t\t\t<h3 class=\"\" data-start=\"182\" data-end=\"230\">POL\u00cdTICA DE PRIVACIDAD Y PROTECCI\u00d3N DE DATOS<\/h3>\n<h4 class=\"\" data-start=\"232\" data-end=\"243\">\u00cdNDICE<\/h4>\n<ol data-start=\"245\" data-end=\"766\">\n<li class=\"\" data-start=\"245\" data-end=\"287\">\n<p class=\"\" data-start=\"248\" data-end=\"287\">Objetivo de la Pol\u00edtica de Privacidad<\/p>\n<\/li>\n<li class=\"\" data-start=\"288\" data-end=\"305\">\n<p class=\"\" data-start=\"291\" data-end=\"305\">Definiciones<\/p>\n<\/li>\n<li class=\"\" data-start=\"306\" data-end=\"352\">\n<p class=\"\" data-start=\"309\" data-end=\"352\">Identidad del Responsable del Tratamiento<\/p>\n<\/li>\n<li class=\"\" data-start=\"353\" data-end=\"387\">\n<p class=\"\" data-start=\"356\" data-end=\"387\">Leyes y normativas aplicables<\/p>\n<\/li>\n<li class=\"\" data-start=\"388\" data-end=\"453\">\n<p class=\"\" data-start=\"391\" data-end=\"453\">Principios aplicables al tratamiento de los datos personales<\/p>\n<\/li>\n<li class=\"\" data-start=\"454\" data-end=\"494\">\n<p class=\"\" data-start=\"457\" data-end=\"494\">Actividades de Tratamiento de Datos<\/p>\n<\/li>\n<li class=\"\" data-start=\"495\" data-end=\"535\">\n<p class=\"\" data-start=\"498\" data-end=\"535\">Informaci\u00f3n necesaria y actualizada<\/p>\n<\/li>\n<li class=\"\" data-start=\"536\" data-end=\"576\">\n<p class=\"\" data-start=\"539\" data-end=\"576\">Datos personales de menores de edad<\/p>\n<\/li>\n<li class=\"\" data-start=\"577\" data-end=\"627\">\n<p class=\"\" data-start=\"580\" data-end=\"627\">Medidas de seguridad t\u00e9cnicas y organizativas<\/p>\n<\/li>\n<li class=\"\" data-start=\"628\" data-end=\"661\">\n<p class=\"\" data-start=\"632\" data-end=\"661\">Derechos de los interesados<\/p>\n<\/li>\n<li class=\"\" data-start=\"662\" data-end=\"710\">\n<p class=\"\" data-start=\"666\" data-end=\"710\">Reclamaciones ante la Autoridad de Control<\/p>\n<\/li>\n<li class=\"\" data-start=\"711\" data-end=\"766\">\n<p class=\"\" data-start=\"715\" data-end=\"766\">Aceptaci\u00f3n y cambios en la Pol\u00edtica de Privacidad<\/p>\n<\/li>\n<\/ol>\n<hr class=\"\" data-start=\"768\" data-end=\"771\" \/>\n<h3 class=\"\" data-start=\"773\" data-end=\"817\">1. OBJETIVO DE LA POL\u00cdTICA DE PRIVACIDAD<\/h3>\n<p class=\"\" data-start=\"819\" data-end=\"1325\">La presente \u201cPol\u00edtica de Privacidad y Protecci\u00f3n de Datos\u201d tiene como finalidad dar a conocer las condiciones que rigen la recogida y tratamiento de los datos personales por parte de <strong data-start=\"1002\" data-end=\"1037\">DULCE COLOR\u00cdN SOCIEDAD LIMITADA<\/strong>. Se realiza el m\u00e1ximo esfuerzo para proteger los derechos fundamentales, el honor y las libertades de las personas, en cumplimiento de las normativas y leyes vigentes. Esta pol\u00edtica se aplica a la informaci\u00f3n y medios de contacto disponibles en el sitio web <strong data-start=\"1296\" data-end=\"1324\"><a class=\"\" href=\"https:\/\/dulcecolorin.com\" target=\"_new\" rel=\"noopener\" data-start=\"1298\" data-end=\"1322\">https:\/\/dulcecolorin.com<\/a><\/strong>.<\/p>\n<hr class=\"\" data-start=\"1327\" data-end=\"1330\" \/>\n<h3 class=\"\" data-start=\"1332\" data-end=\"1351\">2. DEFINICIONES<\/h3>\n<p class=\"\" data-start=\"1353\" data-end=\"1482\">(Se mantienen las definiciones generales relativas a \u201cdatos personales\u201d, \u201ctratamiento\u201d, \u201cresponsable\u201d, \u201cencargado\u201d, entre otros.)<\/p>\n<hr class=\"\" data-start=\"1484\" data-end=\"1487\" \/>\n<h3 class=\"\" data-start=\"1489\" data-end=\"1537\">3. IDENTIDAD DEL RESPONSABLE DEL TRATAMIENTO<\/h3>\n<p class=\"\" data-start=\"1539\" data-end=\"1707\"><strong data-start=\"1539\" data-end=\"1574\">DULCE COLOR\u00cdN SOCIEDAD LIMITADA<\/strong><br data-start=\"1574\" data-end=\"1577\" \/>Avenida de Meanes, 4, 12132 Atzeneta del Maestrat, Castell\u00f3n, Espa\u00f1a<br data-start=\"1645\" data-end=\"1648\" \/>Email: <a class=\"cursor-pointer\" rel=\"noopener\" data-start=\"1655\" data-end=\"1676\">info@dulcecolorin.com<\/a><br data-start=\"1676\" data-end=\"1679\" \/>Tel\u00e9fono: +34 692 90 80 40<\/p>\n<hr class=\"\" data-start=\"1709\" data-end=\"1712\" \/>\n<h3 class=\"\" data-start=\"1714\" data-end=\"1750\">4. LEYES Y NORMATIVAS APLICABLES<\/h3>\n<ul data-start=\"1752\" data-end=\"1845\">\n<li class=\"\" data-start=\"1752\" data-end=\"1787\">\n<p class=\"\" data-start=\"1754\" data-end=\"1787\">Reglamento (UE) 2016\/679 (RGPD)<\/p>\n<\/li>\n<li class=\"\" data-start=\"1788\" data-end=\"1822\">\n<p class=\"\" data-start=\"1790\" data-end=\"1822\">Ley Org\u00e1nica 3\/2018 (LOPD\/GDD)<\/p>\n<\/li>\n<li class=\"\" data-start=\"1823\" data-end=\"1845\">\n<p class=\"\" data-start=\"1825\" data-end=\"1845\">Ley 34\/2002 (LSSICE)<\/p>\n<\/li>\n<\/ul>\n<hr class=\"\" data-start=\"1847\" data-end=\"1850\" \/>\n<h3 class=\"\" data-start=\"1852\" data-end=\"1915\">5. PRINCIPIOS APLICABLES AL TRATAMIENTO DE DATOS PERSONALES<\/h3>\n<p class=\"\" data-start=\"1917\" data-end=\"2110\">(Licitud, lealtad y transparencia, limitaci\u00f3n de la finalidad, minimizaci\u00f3n de datos, exactitud, limitaci\u00f3n del plazo de conservaci\u00f3n, integridad y confidencialidad, responsabilidad proactiva.)<\/p>\n<hr class=\"\" data-start=\"2112\" data-end=\"2115\" \/>\n<h3 class=\"\" data-start=\"2117\" data-end=\"2159\">6. ACTIVIDADES DE TRATAMIENTO DE DATOS<\/h3>\n<p class=\"\" data-start=\"2161\" data-end=\"2644\"><strong data-start=\"2161\" data-end=\"2198\">Finalidad principal del sitio web<\/strong>: gesti\u00f3n de formularios de contacto y atenci\u00f3n al usuario.<br data-start=\"2257\" data-end=\"2260\" \/><strong data-start=\"2260\" data-end=\"2278\">Datos tratados<\/strong>: nombre, apellidos, tel\u00e9fono, email y cualquier dato voluntariamente enviado.<br data-start=\"2356\" data-end=\"2359\" \/><strong data-start=\"2359\" data-end=\"2373\">Base legal<\/strong>: consentimiento del usuario.<br data-start=\"2402\" data-end=\"2405\" \/><strong data-start=\"2405\" data-end=\"2420\">Procedencia<\/strong>: el propio usuario.<br data-start=\"2440\" data-end=\"2443\" \/><strong data-start=\"2443\" data-end=\"2459\">Conservaci\u00f3n<\/strong>: mientras sea necesario para atender la solicitud.<br data-start=\"2510\" data-end=\"2513\" \/><strong data-start=\"2513\" data-end=\"2530\">Destinatarios<\/strong>: solo personal autorizado de DULCE COLOR\u00cdN SOCIEDAD LIMITADA.<br data-start=\"2592\" data-end=\"2595\" \/><strong data-start=\"2595\" data-end=\"2629\">Transferencias internacionales<\/strong>: no previstas.<\/p>\n<hr class=\"\" data-start=\"2646\" data-end=\"2649\" \/>\n<h4 class=\"\" data-start=\"2651\" data-end=\"2681\">6.1 TRATAMIENTOS INTERNOS<\/h4>\n<p class=\"\" data-start=\"2683\" data-end=\"2806\"><strong data-start=\"2683\" data-end=\"2703\">Bolsa de trabajo<\/strong><br data-start=\"2703\" data-end=\"2706\" \/>Finalidad: selecci\u00f3n de personal<br data-start=\"2738\" data-end=\"2741\" \/>Plazo conservaci\u00f3n: 2 a\u00f1os<br data-start=\"2767\" data-end=\"2770\" \/>Destinatarios: empresas de selecci\u00f3n<\/p>\n<p class=\"\" data-start=\"2808\" data-end=\"2943\"><strong data-start=\"2808\" data-end=\"2831\">Gesti\u00f3n de clientes<\/strong><br data-start=\"2831\" data-end=\"2834\" \/>Finalidad: gesti\u00f3n administrativa y fiscal<br data-start=\"2876\" data-end=\"2879\" \/>Plazo: 6 a\u00f1os<br data-start=\"2892\" data-end=\"2895\" \/>Destinatarios: Administraci\u00f3n Tributaria, bancos<\/p>\n<p class=\"\" data-start=\"2945\" data-end=\"3021\"><strong data-start=\"2945\" data-end=\"2971\">Gesti\u00f3n de potenciales<\/strong><br data-start=\"2971\" data-end=\"2974\" \/>Finalidad: contactos y atenci\u00f3n<br data-start=\"3005\" data-end=\"3008\" \/>Plazo: 2 a\u00f1os<\/p>\n<p class=\"\" data-start=\"3023\" data-end=\"3152\"><strong data-start=\"3023\" data-end=\"3049\">Gesti\u00f3n de proveedores<\/strong><br data-start=\"3049\" data-end=\"3052\" \/>Finalidad: gesti\u00f3n administrativa<br data-start=\"3085\" data-end=\"3088\" \/>Plazo: 6 a\u00f1os<br data-start=\"3101\" data-end=\"3104\" \/>Destinatarios: Administraci\u00f3n Tributaria, bancos<\/p>\n<p class=\"\" data-start=\"3154\" data-end=\"3288\"><strong data-start=\"3154\" data-end=\"3173\">Gesti\u00f3n laboral<\/strong><br data-start=\"3173\" data-end=\"3176\" \/>Finalidad: n\u00f3minas, formaci\u00f3n, RRHH<br data-start=\"3211\" data-end=\"3214\" \/>Plazo: 6 a\u00f1os<br data-start=\"3227\" data-end=\"3230\" \/>Destinatarios: Seguridad Social, Administraci\u00f3n Tributaria<\/p>\n<hr class=\"\" data-start=\"3290\" data-end=\"3293\" \/>\n<h4 class=\"\" data-start=\"3295\" data-end=\"3327\">6.2 TRATAMIENTOS OPCIONALES<\/h4>\n<p class=\"\" data-start=\"3329\" data-end=\"3427\"><strong data-start=\"3329\" data-end=\"3346\">Consultas web<\/strong><br data-start=\"3346\" data-end=\"3349\" \/>Finalidad: atenci\u00f3n a solicitudes<br data-start=\"3382\" data-end=\"3385\" \/>Base legal: consentimiento<br data-start=\"3411\" data-end=\"3414\" \/>Plazo: 2 a\u00f1os<\/p>\n<p class=\"\" data-start=\"3429\" data-end=\"3570\"><strong data-start=\"3429\" data-end=\"3447\">Redes sociales<\/strong><br data-start=\"3447\" data-end=\"3450\" \/>Finalidad: gesti\u00f3n de publicaciones y respuestas<br data-start=\"3498\" data-end=\"3501\" \/>Base legal: consentimiento<br data-start=\"3527\" data-end=\"3530\" \/>Plazo: mientras no se solicite supresi\u00f3n<\/p>\n<hr class=\"\" data-start=\"3572\" data-end=\"3575\" \/>\n<h3 class=\"\" data-start=\"3577\" data-end=\"3619\">7. INFORMACI\u00d3N NECESARIA Y ACTUALIZADA<\/h3>\n<p class=\"\" data-start=\"3621\" data-end=\"3750\">El usuario garantiza la veracidad y actualizaci\u00f3n de los datos proporcionados y se compromete a comunicar cualquier modificaci\u00f3n.<\/p>\n<hr class=\"\" data-start=\"3752\" data-end=\"3755\" \/>\n<h3 class=\"\" data-start=\"3757\" data-end=\"3799\">8. DATOS PERSONALES DE MENORES DE EDAD<\/h3>\n<p class=\"\" data-start=\"3801\" data-end=\"3930\">Este sitio web est\u00e1 dirigido exclusivamente a mayores de 18 a\u00f1os. Si se detectan datos de menores, ser\u00e1n eliminados de inmediato.<\/p>\n<hr class=\"\" data-start=\"3932\" data-end=\"3935\" \/>\n<h3 class=\"\" data-start=\"3937\" data-end=\"3989\">9. MEDIDAS DE SEGURIDAD T\u00c9CNICAS Y ORGANIZATIVAS<\/h3>\n<p class=\"\" data-start=\"3991\" data-end=\"4002\">Incluyen:<\/p>\n<ul data-start=\"4003\" data-end=\"4097\">\n<li class=\"\" data-start=\"4003\" data-end=\"4021\">\n<p class=\"\" data-start=\"4005\" data-end=\"4021\">Conexiones SSL<\/p>\n<\/li>\n<li class=\"\" data-start=\"4022\" data-end=\"4044\">\n<p class=\"\" data-start=\"4024\" data-end=\"4044\">Acceso restringido<\/p>\n<\/li>\n<li class=\"\" data-start=\"4045\" data-end=\"4075\">\n<p class=\"\" data-start=\"4047\" data-end=\"4075\">Protecci\u00f3n f\u00edsica y l\u00f3gica<\/p>\n<\/li>\n<li class=\"\" data-start=\"4076\" data-end=\"4097\">\n<p class=\"\" data-start=\"4078\" data-end=\"4097\">Copias de seguridad<\/p>\n<\/li>\n<\/ul>\n<hr class=\"\" data-start=\"4099\" data-end=\"4102\" \/>\n<h3 class=\"\" data-start=\"4104\" data-end=\"4139\">10. DERECHOS DE LOS INTERESADOS<\/h3>\n<p class=\"\" data-start=\"4141\" data-end=\"4305\">Derechos: acceso, rectificaci\u00f3n, supresi\u00f3n, limitaci\u00f3n, portabilidad, oposici\u00f3n.<br data-start=\"4221\" data-end=\"4224\" \/>Solicitudes a: <strong data-start=\"4239\" data-end=\"4264\"><a class=\"cursor-pointer\" rel=\"noopener\" data-start=\"4241\" data-end=\"4262\">info@dulcecolorin.com<\/a><\/strong><br data-start=\"4264\" data-end=\"4267\" \/>Plazo de respuesta: 30 d\u00edas naturales.<\/p>\n<hr class=\"\" data-start=\"4307\" data-end=\"4310\" \/>\n<h3 class=\"\" data-start=\"4312\" data-end=\"4362\">11. RECLAMACIONES ANTE LA AUTORIDAD DE CONTROL<\/h3>\n<p class=\"\" data-start=\"4364\" data-end=\"4501\">Ante la Agencia Espa\u00f1ola de Protecci\u00f3n de Datos (<a class=\"\" href=\"http:\/\/www.aepd.es\" target=\"_new\" rel=\"noopener\" data-start=\"4413\" data-end=\"4424\">www.aepd.es<\/a>) si se considera que el tratamiento de los datos no cumple con la normativa.<\/p>\n<hr class=\"\" data-start=\"4503\" data-end=\"4506\" \/>\n<h3 class=\"\" data-start=\"4508\" data-end=\"4565\">12. ACEPTACI\u00d3N Y CAMBIOS EN LA POL\u00cdTICA DE PRIVACIDAD<\/h3>\n<p class=\"\" data-start=\"4567\" data-end=\"4727\">El uso del sitio implica la aceptaci\u00f3n de esta Pol\u00edtica. <strong data-start=\"4624\" data-end=\"4659\">DULCE COLOR\u00cdN SOCIEDAD LIMITADA<\/strong> se reserva el derecho de modificarla cuando lo considere necesario.<\/p>\t\t\t\t\t\t\t\t<\/div>\n\t\t\t\t<\/div>\n\t\t\t\t\t<\/div>\n\t\t\t\t<\/div>\n\t\t\t\t<\/div>\n\t\t","protected":false},"excerpt":{"rendered":"<p>Pol\u00edtica de Privacidad POL\u00cdTICA DE PRIVACIDAD Y PROTECCI\u00d3N DE DATOS \u00cdNDICE Objetivo de la Pol\u00edtica de Privacidad Definiciones Identidad del Responsable del Tratamiento Leyes y normativas aplicables Principios aplicables al tratamiento de los datos personales Actividades de Tratamiento de Datos Informaci\u00f3n necesaria y actualizada Datos personales de menores de edad Medidas de seguridad t\u00e9cnicas y [&hellip;]<\/p>\n","protected":false},"author":1,"featured_media":0,"parent":0,"menu_order":0,"comment_status":"closed","ping_status":"open","template":"","meta":{"footnotes":""},"class_list":["post-3","page","type-page","status-publish","hentry"],"_links":{"self":[{"href":"http:\/\/lezamaasesores.com\/colorin\/wp-json\/wp\/v2\/pages\/3","targetHints":{"allow":["GET"]}}],"collection":[{"href":"http:\/\/lezamaasesores.com\/colorin\/wp-json\/wp\/v2\/pages"}],"about":[{"href":"http:\/\/lezamaasesores.com\/colorin\/wp-json\/wp\/v2\/types\/page"}],"author":[{"embeddable":true,"href":"http:\/\/lezamaasesores.com\/colorin\/wp-json\/wp\/v2\/users\/1"}],"replies":[{"embeddable":true,"href":"http:\/\/lezamaasesores.com\/colorin\/wp-json\/wp\/v2\/comments?post=3"}],"version-history":[{"count":3,"href":"http:\/\/lezamaasesores.com\/colorin\/wp-json\/wp\/v2\/pages\/3\/revisions"}],"predecessor-version":[{"id":6309,"href":"http:\/\/lezamaasesores.com\/colorin\/wp-json\/wp\/v2\/pages\/3\/revisions\/6309"}],"wp:attachment":[{"href":"http:\/\/lezamaasesores.com\/colorin\/wp-json\/wp\/v2\/media?parent=3"}],"curies":[{"name":"wp","href":"https:\/\/api.w.org\/{rel}","templated":true}]}}