{"id":859,"date":"2025-02-27T12:14:12","date_gmt":"2025-02-27T11:14:12","guid":{"rendered":"http:\/\/lezamaasesores.com\/bioconfort\/?page_id=859"},"modified":"2025-04-15T14:14:17","modified_gmt":"2025-04-15T12:14:17","slug":"contacto","status":"publish","type":"page","link":"http:\/\/lezamaasesores.com\/bioconfort\/contacto\/","title":{"rendered":"Contacto"},"content":{"rendered":"\t\t<div data-elementor-type=\"wp-page\" data-elementor-id=\"859\" class=\"elementor elementor-859\" data-elementor-post-type=\"page\">\n\t\t\t\t<div class=\"elementor-element elementor-element-3440d6c e-flex e-con-boxed e-con e-parent\" data-id=\"3440d6c\" data-element_type=\"container\">\n\t\t\t\t\t<div class=\"e-con-inner\">\n\t\t\t\t<div class=\"elementor-element elementor-element-4bf153a elementor-widget elementor-widget-text-editor\" data-id=\"4bf153a\" data-element_type=\"widget\" data-widget_type=\"text-editor.default\">\n\t\t\t\t<div class=\"elementor-widget-container\">\n\t\t\t\t\t\t\t\t\t<p>BIOCONFORT NATURA<\/p>\t\t\t\t\t\t\t\t<\/div>\n\t\t\t\t<\/div>\n\t\t\t\t<div class=\"elementor-element elementor-element-f40c0c3 elementor-widget__width-initial elementor-widget elementor-widget-text-editor\" data-id=\"f40c0c3\" data-element_type=\"widget\" data-widget_type=\"text-editor.default\">\n\t\t\t\t<div class=\"elementor-widget-container\">\n\t\t\t\t\t\t\t\t\t<p>Impacto Ambiental, Sostenibilidad y Conservaci\u00f3n<\/p>\t\t\t\t\t\t\t\t<\/div>\n\t\t\t\t<\/div>\n\t\t\t\t<div class=\"elementor-element elementor-element-043add6 elementor-widget elementor-widget-image\" data-id=\"043add6\" data-element_type=\"widget\" data-widget_type=\"image.default\">\n\t\t\t\t<div class=\"elementor-widget-container\">\n\t\t\t\t\t\t\t\t\t\t\t\t\t\t\t<img fetchpriority=\"high\" decoding=\"async\" width=\"1234\" height=\"478\" src=\"http:\/\/lezamaasesores.com\/bioconfort\/wp-content\/uploads\/2025\/02\/ax.jpg\" class=\"attachment-full size-full wp-image-990\" alt=\"\" srcset=\"http:\/\/lezamaasesores.com\/bioconfort\/wp-content\/uploads\/2025\/02\/ax.jpg 1234w, http:\/\/lezamaasesores.com\/bioconfort\/wp-content\/uploads\/2025\/02\/ax-300x116.jpg 300w, http:\/\/lezamaasesores.com\/bioconfort\/wp-content\/uploads\/2025\/02\/ax-1024x397.jpg 1024w, http:\/\/lezamaasesores.com\/bioconfort\/wp-content\/uploads\/2025\/02\/ax-768x297.jpg 768w\" sizes=\"(max-width: 1234px) 100vw, 1234px\" \/>\t\t\t\t\t\t\t\t\t\t\t\t\t\t\t<\/div>\n\t\t\t\t<\/div>\n\t\t\t\t\t<\/div>\n\t\t\t\t<\/div>\n\t\t<div class=\"elementor-element elementor-element-5be82fc e-flex e-con-boxed e-con e-parent\" data-id=\"5be82fc\" data-element_type=\"container\">\n\t\t\t\t\t<div class=\"e-con-inner\">\n\t\t<div class=\"elementor-element elementor-element-bbd2f3b e-con-full e-flex e-con e-child\" data-id=\"bbd2f3b\" data-element_type=\"container\">\n\t\t<div class=\"elementor-element elementor-element-787bd92 e-con-full e-flex e-con e-child\" data-id=\"787bd92\" data-element_type=\"container\">\n\t\t<div class=\"elementor-element elementor-element-daba7a5 e-con-full e-flex e-con e-child\" data-id=\"daba7a5\" data-element_type=\"container\">\n\t\t<div class=\"elementor-element elementor-element-f9c3901 e-con-full e-flex e-con e-child\" data-id=\"f9c3901\" data-element_type=\"container\">\n\t\t\t\t<div class=\"elementor-element elementor-element-eb5c047 elementor-widget elementor-widget-image\" data-id=\"eb5c047\" data-element_type=\"widget\" data-widget_type=\"image.default\">\n\t\t\t\t<div class=\"elementor-widget-container\">\n\t\t\t\t\t\t\t\t\t\t\t\t\t\t\t<img decoding=\"async\" width=\"512\" height=\"512\" src=\"http:\/\/lezamaasesores.com\/bioconfort\/wp-content\/uploads\/2025\/02\/ubicacion.png\" class=\"attachment-full size-full wp-image-862\" alt=\"\" srcset=\"http:\/\/lezamaasesores.com\/bioconfort\/wp-content\/uploads\/2025\/02\/ubicacion.png 512w, http:\/\/lezamaasesores.com\/bioconfort\/wp-content\/uploads\/2025\/02\/ubicacion-300x300.png 300w, http:\/\/lezamaasesores.com\/bioconfort\/wp-content\/uploads\/2025\/02\/ubicacion-150x150.png 150w\" sizes=\"(max-width: 512px) 100vw, 512px\" \/>\t\t\t\t\t\t\t\t\t\t\t\t\t\t\t<\/div>\n\t\t\t\t<\/div>\n\t\t\t\t<\/div>\n\t\t<div class=\"elementor-element elementor-element-f80009f e-con-full e-flex e-con e-child\" data-id=\"f80009f\" data-element_type=\"container\">\n\t\t\t\t<div class=\"elementor-element elementor-element-ce13b8a elementor-widget elementor-widget-text-editor\" data-id=\"ce13b8a\" data-element_type=\"widget\" data-widget_type=\"text-editor.default\">\n\t\t\t\t<div class=\"elementor-widget-container\">\n\t\t\t\t\t\t\t\t\t<p>Direcci\u00f3n<\/p>\t\t\t\t\t\t\t\t<\/div>\n\t\t\t\t<\/div>\n\t\t\t\t<div class=\"elementor-element elementor-element-d420542 elementor-widget elementor-widget-text-editor\" data-id=\"d420542\" data-element_type=\"widget\" data-widget_type=\"text-editor.default\">\n\t\t\t\t<div class=\"elementor-widget-container\">\n\t\t\t\t\t\t\t\t\t<div class=\"M2Cv8e hP3ybd\"><div class=\"gqkR3b hP3ybd\"><a tabindex=\"0\" href=\"https:\/\/www.google.com\/maps\/place\/\/data=!4m2!3m1!1s0xd5fffad8ea7f1b5:0xe81214dd6853344b?sa=X&amp;ved=1t:8290&amp;ictx=111\" data-url=\"\/maps\/place\/\/data=!4m2!3m1!1s0xd5fffad8ea7f1b5:0xe81214dd6853344b?sa=X&amp;ved=2ahUKEwjWy8XfxeSLAxU6zAIHHSqyEvsQ4kB6BAgHEAA\" data-sb=\"\/url?sa=t&amp;source=web&amp;rct=j&amp;opi=89978449&amp;url=\/maps\/place\/\/data%3D!4m2!3m1!1s0xd5fffad8ea7f1b5:0xe81214dd6853344b%3Fsa%3DX%26ved%3D1t:8290%26ictx%3D111&amp;ved=2ahUKEwjWy8XfxeSLAxU6zAIHHSqyEvsQ4kB6BAhEEAM&amp;usg=AOvVaw2mo0sZSG62WxTE9AkGyn6w\"><span style=\"color: #000000;\">Quadra-Cuadra de la Salera, 14, 12006 Castell\u00f3n de la Plana, Castell\u00f3n<\/span><\/a><\/div><\/div>\t\t\t\t\t\t\t\t<\/div>\n\t\t\t\t<\/div>\n\t\t\t\t<\/div>\n\t\t\t\t<\/div>\n\t\t<div class=\"elementor-element elementor-element-1d75412 e-con-full e-flex e-con e-child\" data-id=\"1d75412\" data-element_type=\"container\">\n\t\t<div class=\"elementor-element elementor-element-772921d e-con-full e-flex e-con e-child\" data-id=\"772921d\" data-element_type=\"container\">\n\t\t\t\t<div class=\"elementor-element elementor-element-d0e21a4 elementor-widget elementor-widget-image\" data-id=\"d0e21a4\" data-element_type=\"widget\" data-widget_type=\"image.default\">\n\t\t\t\t<div class=\"elementor-widget-container\">\n\t\t\t\t\t\t\t\t\t\t\t\t\t\t\t<img decoding=\"async\" width=\"512\" height=\"512\" src=\"http:\/\/lezamaasesores.com\/bioconfort\/wp-content\/uploads\/2025\/02\/telefono-inteligente.png\" class=\"attachment-full size-full wp-image-863\" alt=\"\" srcset=\"http:\/\/lezamaasesores.com\/bioconfort\/wp-content\/uploads\/2025\/02\/telefono-inteligente.png 512w, http:\/\/lezamaasesores.com\/bioconfort\/wp-content\/uploads\/2025\/02\/telefono-inteligente-300x300.png 300w, http:\/\/lezamaasesores.com\/bioconfort\/wp-content\/uploads\/2025\/02\/telefono-inteligente-150x150.png 150w\" sizes=\"(max-width: 512px) 100vw, 512px\" \/>\t\t\t\t\t\t\t\t\t\t\t\t\t\t\t<\/div>\n\t\t\t\t<\/div>\n\t\t\t\t<\/div>\n\t\t<div class=\"elementor-element elementor-element-4b18152 e-con-full e-flex e-con e-child\" data-id=\"4b18152\" data-element_type=\"container\">\n\t\t\t\t<div class=\"elementor-element elementor-element-bc7ee94 elementor-widget elementor-widget-text-editor\" data-id=\"bc7ee94\" data-element_type=\"widget\" data-widget_type=\"text-editor.default\">\n\t\t\t\t<div class=\"elementor-widget-container\">\n\t\t\t\t\t\t\t\t\t<p>Tel\u00e9fono\/Whatsapp<\/p>\t\t\t\t\t\t\t\t<\/div>\n\t\t\t\t<\/div>\n\t\t\t\t<div class=\"elementor-element elementor-element-dd15579 elementor-widget elementor-widget-text-editor\" data-id=\"dd15579\" data-element_type=\"widget\" data-widget_type=\"text-editor.default\">\n\t\t\t\t<div class=\"elementor-widget-container\">\n\t\t\t\t\t\t\t\t\t<p><span class=\"LrzXr zdqRlf kno-fv\"><a href=\"https:\/\/www.google.com\/search?client=firefox-b-e&amp;q=BIOCONFORT+NATURA#\" data-dtype=\"d3ph\" data-local-attribute=\"d3ph\" data-ved=\"2ahUKEwjWy8XfxeSLAxU6zAIHHSqyEvsQkAgoAHoECEIQAw\"><span aria-label=\"Llamar al n\u00famero de tel\u00e9fono 601 57 50 87\"><span style=\"color: #000000;\">601 57 50 87<\/span><\/span><\/a><\/span><\/p>\t\t\t\t\t\t\t\t<\/div>\n\t\t\t\t<\/div>\n\t\t\t\t<\/div>\n\t\t\t\t<\/div>\n\t\t<div class=\"elementor-element elementor-element-b61dc5c e-con-full e-flex e-con e-child\" data-id=\"b61dc5c\" data-element_type=\"container\">\n\t\t<div class=\"elementor-element elementor-element-a6cabb4 e-con-full e-flex e-con e-child\" data-id=\"a6cabb4\" data-element_type=\"container\">\n\t\t\t\t<div class=\"elementor-element elementor-element-dd46a36 elementor-widget elementor-widget-image\" data-id=\"dd46a36\" data-element_type=\"widget\" data-widget_type=\"image.default\">\n\t\t\t\t<div class=\"elementor-widget-container\">\n\t\t\t\t\t\t\t\t\t\t\t\t\t\t\t<img loading=\"lazy\" decoding=\"async\" width=\"512\" height=\"512\" src=\"http:\/\/lezamaasesores.com\/bioconfort\/wp-content\/uploads\/2025\/02\/correo-electronico.png\" class=\"attachment-full size-full wp-image-864\" alt=\"\" srcset=\"http:\/\/lezamaasesores.com\/bioconfort\/wp-content\/uploads\/2025\/02\/correo-electronico.png 512w, http:\/\/lezamaasesores.com\/bioconfort\/wp-content\/uploads\/2025\/02\/correo-electronico-300x300.png 300w, http:\/\/lezamaasesores.com\/bioconfort\/wp-content\/uploads\/2025\/02\/correo-electronico-150x150.png 150w\" sizes=\"(max-width: 512px) 100vw, 512px\" \/>\t\t\t\t\t\t\t\t\t\t\t\t\t\t\t<\/div>\n\t\t\t\t<\/div>\n\t\t\t\t<\/div>\n\t\t<div class=\"elementor-element elementor-element-1a26a62 e-con-full e-flex e-con e-child\" data-id=\"1a26a62\" data-element_type=\"container\">\n\t\t\t\t<div class=\"elementor-element elementor-element-ba0b3da elementor-widget elementor-widget-text-editor\" data-id=\"ba0b3da\" data-element_type=\"widget\" data-widget_type=\"text-editor.default\">\n\t\t\t\t<div class=\"elementor-widget-container\">\n\t\t\t\t\t\t\t\t\t<p>Mail<\/p>\t\t\t\t\t\t\t\t<\/div>\n\t\t\t\t<\/div>\n\t\t\t\t<div class=\"elementor-element elementor-element-b328e9a elementor-widget elementor-widget-text-editor\" data-id=\"b328e9a\" data-element_type=\"widget\" data-widget_type=\"text-editor.default\">\n\t\t\t\t<div class=\"elementor-widget-container\">\n\t\t\t\t\t\t\t\t\t<p><a href=\"mailto:info@bioconfortnatura.com\"><span style=\"color: #000000;\">info@bioconfortnatura.com<\/span><\/a><\/p>\t\t\t\t\t\t\t\t<\/div>\n\t\t\t\t<\/div>\n\t\t\t\t<\/div>\n\t\t\t\t<\/div>\n\t\t\t\t<\/div>\n\t\t<div class=\"elementor-element elementor-element-106eaf6 e-con-full e-flex e-con e-child\" data-id=\"106eaf6\" data-element_type=\"container\">\n\t\t\t\t<div class=\"elementor-element elementor-element-662a972 elementor-widget__width-initial elementor-widget elementor-widget-text-editor\" data-id=\"662a972\" data-element_type=\"widget\" data-widget_type=\"text-editor.default\">\n\t\t\t\t<div class=\"elementor-widget-container\">\n\t\t\t\t\t\t\t\t\t<p>\u00bfNecesitas m\u00e1s informaci\u00f3n?<\/p>\t\t\t\t\t\t\t\t<\/div>\n\t\t\t\t<\/div>\n\t\t\t\t<div class=\"elementor-element elementor-element-2437526 elementor-widget elementor-widget-text-editor\" data-id=\"2437526\" data-element_type=\"widget\" data-widget_type=\"text-editor.default\">\n\t\t\t\t<div class=\"elementor-widget-container\">\n\t\t\t\t\t\t\t\t\t<p>Cons\u00faltenos sin compromiso<\/p>\t\t\t\t\t\t\t\t<\/div>\n\t\t\t\t<\/div>\n\t\t\t\t<div class=\"elementor-element elementor-element-686b61f elementor-button-align-stretch elementor-widget elementor-widget-form\" data-id=\"686b61f\" data-element_type=\"widget\" data-settings=\"{&quot;step_next_label&quot;:&quot;Siguiente&quot;,&quot;step_previous_label&quot;:&quot;Anterior&quot;,&quot;button_width&quot;:&quot;100&quot;,&quot;step_type&quot;:&quot;number_text&quot;,&quot;step_icon_shape&quot;:&quot;circle&quot;}\" data-widget_type=\"form.default\">\n\t\t\t\t<div class=\"elementor-widget-container\">\n\t\t\t\t\t\t\t<form class=\"elementor-form\" method=\"post\" id=\"formulario_contacto_generico\" name=\"New Form\">\n\t\t\t<input type=\"hidden\" name=\"post_id\" value=\"859\"\/>\n\t\t\t<input type=\"hidden\" name=\"form_id\" value=\"686b61f\"\/>\n\t\t\t<input type=\"hidden\" name=\"referer_title\" value=\"\" \/>\n\n\t\t\t\n\t\t\t<div class=\"elementor-form-fields-wrapper elementor-labels-\">\n\t\t\t\t\t\t\t\t<div class=\"elementor-field-type-text elementor-field-group elementor-column elementor-field-group-name elementor-col-100 elementor-field-required\">\n\t\t\t\t\t\t\t\t\t\t\t\t<label for=\"form-field-name\" class=\"elementor-field-label elementor-screen-only\">\n\t\t\t\t\t\t\t\tNombre completo\t\t\t\t\t\t\t<\/label>\n\t\t\t\t\t\t\t\t\t\t\t\t\t\t<input size=\"1\" type=\"text\" name=\"form_fields[name]\" id=\"form-field-name\" class=\"elementor-field elementor-size-md  elementor-field-textual\" placeholder=\"Nombre completo\" required=\"required\">\n\t\t\t\t\t\t\t\t\t\t\t<\/div>\n\t\t\t\t\t\t\t\t<div class=\"elementor-field-type-text elementor-field-group elementor-column elementor-field-group-field_8b57737 elementor-col-100 elementor-field-required\">\n\t\t\t\t\t\t\t\t\t\t\t\t<label for=\"form-field-field_8b57737\" class=\"elementor-field-label elementor-screen-only\">\n\t\t\t\t\t\t\t\tTel\u00e9fono\t\t\t\t\t\t\t<\/label>\n\t\t\t\t\t\t\t\t\t\t\t\t\t\t<input size=\"1\" type=\"text\" name=\"form_fields[field_8b57737]\" id=\"form-field-field_8b57737\" class=\"elementor-field elementor-size-md  elementor-field-textual\" placeholder=\"Tel\u00e9fono\" required=\"required\">\n\t\t\t\t\t\t\t\t\t\t\t<\/div>\n\t\t\t\t\t\t\t\t<div class=\"elementor-field-type-email elementor-field-group elementor-column elementor-field-group-email elementor-col-100 elementor-field-required\">\n\t\t\t\t\t\t\t\t\t\t\t\t<label for=\"form-field-email\" class=\"elementor-field-label elementor-screen-only\">\n\t\t\t\t\t\t\t\tCorreo electr\u00f3nico\t\t\t\t\t\t\t<\/label>\n\t\t\t\t\t\t\t\t\t\t\t\t\t\t<input size=\"1\" type=\"email\" name=\"form_fields[email]\" id=\"form-field-email\" class=\"elementor-field elementor-size-md  elementor-field-textual\" placeholder=\"Correo electr\u00f3nico\" required=\"required\">\n\t\t\t\t\t\t\t\t\t\t\t<\/div>\n\t\t\t\t\t\t\t\t<div class=\"elementor-field-type-text elementor-field-group elementor-column elementor-field-group-field_82a4beb elementor-col-50\">\n\t\t\t\t\t\t\t\t\t\t\t\t\t<input size=\"1\" type=\"text\" name=\"form_fields[field_82a4beb]\" id=\"form-field-field_82a4beb\" class=\"elementor-field elementor-size-md  elementor-field-textual\" placeholder=\"Municipio donde quiere edificar\">\n\t\t\t\t\t\t\t\t\t\t\t<\/div>\n\t\t\t\t\t\t\t\t<div class=\"elementor-field-type-text elementor-field-group elementor-column elementor-field-group-field_db53030 elementor-col-50\">\n\t\t\t\t\t\t\t\t\t\t\t\t\t<input size=\"1\" type=\"text\" name=\"form_fields[field_db53030]\" id=\"form-field-field_db53030\" class=\"elementor-field elementor-size-md  elementor-field-textual\" placeholder=\"N\u00ba de poligono\/N\u00ba parcela\">\n\t\t\t\t\t\t\t\t\t\t\t<\/div>\n\t\t\t\t\t\t\t\t<div class=\"elementor-field-type-textarea elementor-field-group elementor-column elementor-field-group-message elementor-col-100\">\n\t\t\t\t\t<textarea class=\"elementor-field-textual elementor-field  elementor-size-md\" name=\"form_fields[message]\" id=\"form-field-message\" rows=\"4\" placeholder=\"Mensaje \/ Consulta\"><\/textarea>\t\t\t\t<\/div>\n\t\t\t\t\t\t\t\t<div class=\"elementor-field-type-radio elementor-field-group elementor-column elementor-field-group-field_b40b8dd elementor-col-100\">\n\t\t\t\t\t\t\t\t\t\t\t\t<label for=\"form-field-field_b40b8dd\" class=\"elementor-field-label elementor-screen-only\">\n\t\t\t\t\t\t\t\tTipo de Construcci\u00f3n\t\t\t\t\t\t\t<\/label>\n\t\t\t\t\t\t<div class=\"elementor-field-subgroup  elementor-subgroup-inline\"><span class=\"elementor-field-option\"><input type=\"radio\" value=\"Agr\u00edcola\/Ganadera\" id=\"form-field-field_b40b8dd-0\" name=\"form_fields[field_b40b8dd]\"> <label for=\"form-field-field_b40b8dd-0\">Agr\u00edcola\/Ganadera<\/label><\/span><span class=\"elementor-field-option\"><input type=\"radio\" value=\"Construcci\u00f3n de Vivienda\" id=\"form-field-field_b40b8dd-1\" name=\"form_fields[field_b40b8dd]\"> <label for=\"form-field-field_b40b8dd-1\">Construcci\u00f3n de Vivienda<\/label><\/span><\/div>\t\t\t\t<\/div>\n\t\t\t\t\t\t\t\t<div class=\"elementor-field-type-select elementor-field-group elementor-column elementor-field-group-field_7061a23 elementor-col-100 elementor-field-required\">\n\t\t\t\t\t\t\t\t\t\t\t\t<label for=\"form-field-field_7061a23\" class=\"elementor-field-label elementor-screen-only\">\n\t\t\t\t\t\t\t\t\u00bfQue necesitas?\t\t\t\t\t\t\t<\/label>\n\t\t\t\t\t\t\t\t<div class=\"elementor-field elementor-select-wrapper remove-before \">\n\t\t\t<div class=\"select-caret-down-wrapper\">\n\t\t\t\t<svg aria-hidden=\"true\" class=\"e-font-icon-svg e-eicon-caret-down\" viewBox=\"0 0 571.4 571.4\" xmlns=\"http:\/\/www.w3.org\/2000\/svg\"><path d=\"M571 393Q571 407 561 418L311 668Q300 679 286 679T261 668L11 418Q0 407 0 393T11 368 36 357H536Q550 357 561 368T571 393Z\"><\/path><\/svg>\t\t\t<\/div>\n\t\t\t<select name=\"form_fields[field_7061a23]\" id=\"form-field-field_7061a23\" class=\"elementor-field-textual elementor-size-md\" required=\"required\">\n\t\t\t\t\t\t\t\t\t<option value=\"Estudio de viabilidad para redactar proyecto\">Estudio de viabilidad para redactar proyecto<\/option>\n\t\t\t\t\t\t\t\t\t<option value=\"Redactar proyecto\">Redactar proyecto<\/option>\n\t\t\t\t\t\t\t\t\t<option value=\"Solicitar presupuesto de proyecto ya redactado\">Solicitar presupuesto de proyecto ya redactado<\/option>\n\t\t\t\t\t\t\t<\/select>\n\t\t<\/div>\n\t\t\t\t\t\t<\/div>\n\t\t\t\t\t\t\t\t<div class=\"elementor-field-group elementor-column elementor-field-type-submit elementor-col-100 e-form__buttons\">\n\t\t\t\t\t<button class=\"elementor-button elementor-size-sm\" type=\"submit\">\n\t\t\t\t\t\t<span class=\"elementor-button-content-wrapper\">\n\t\t\t\t\t\t\t\t\t\t\t\t\t\t\t\t\t\t\t\t\t\t<span class=\"elementor-button-text\">Enviar<\/span>\n\t\t\t\t\t\t\t\t\t\t\t\t\t<\/span>\n\t\t\t\t\t<\/button>\n\t\t\t\t<\/div>\n\t\t\t<\/div>\n\t\t<\/form>\n\t\t\t\t\t\t<\/div>\n\t\t\t\t<\/div>\n\t\t\t\t<\/div>\n\t\t\t\t<\/div>\n\t\t\t\t\t<\/div>\n\t\t\t\t<\/div>\n\t\t<div class=\"elementor-element elementor-element-980c020 e-con-full e-flex e-con e-parent\" data-id=\"980c020\" data-element_type=\"container\">\n\t\t\t\t<div class=\"elementor-element elementor-element-bd7215e elementor-widget__width-initial elementor-widget elementor-widget-text-editor\" data-id=\"bd7215e\" data-element_type=\"widget\" data-widget_type=\"text-editor.default\">\n\t\t\t\t<div class=\"elementor-widget-container\">\n\t\t\t\t\t\t\t\t\t<p>\u00bfDonde estamos?<\/p>\t\t\t\t\t\t\t\t<\/div>\n\t\t\t\t<\/div>\n\t\t\t\t<div class=\"elementor-element elementor-element-0ef9864 elementor-widget elementor-widget-text-editor\" data-id=\"0ef9864\" data-element_type=\"widget\" data-widget_type=\"text-editor.default\">\n\t\t\t\t<div class=\"elementor-widget-container\">\n\t\t\t\t\t\t\t\t\t<iframe src=\"https:\/\/www.google.com\/maps\/embed?pb=!1m18!1m12!1m3!1d3056.9914421058443!2d-0.0616568875982395!3d39.986296581604435!2m3!1f0!2f0!3f0!3m2!1i1024!2i768!4f13.1!3m3!1m2!1s0xd5fffad8ea7f1b5%3A0xe81214dd6853344b!2sBioconfort%20Natura!5e0!3m2!1ses!2ses!4v1740683254905!5m2!1ses!2ses\" width=\"100%\" height=\"450\" style=\"border:0;\" allowfullscreen=\"\" loading=\"lazy\" referrerpolicy=\"no-referrer-when-downgrade\"><\/iframe>\t\t\t\t\t\t\t\t<\/div>\n\t\t\t\t<\/div>\n\t\t\t\t<\/div>\n\t\t\t\t<\/div>\n\t\t","protected":false},"excerpt":{"rendered":"<p>BIOCONFORT NATURA Impacto Ambiental, Sostenibilidad y Conservaci\u00f3n Direcci\u00f3n Quadra-Cuadra de la Salera, 14, 12006 Castell\u00f3n de la Plana, Castell\u00f3n Tel\u00e9fono\/Whatsapp 601 57 50 87 Mail info@bioconfortnatura.com \u00bfNecesitas m\u00e1s informaci\u00f3n? Cons\u00faltenos sin compromiso \u00bfDonde estamos?<\/p>\n","protected":false},"author":1,"featured_media":0,"parent":0,"menu_order":0,"comment_status":"closed","ping_status":"closed","template":"","meta":{"footnotes":""},"class_list":["post-859","page","type-page","status-publish","hentry"],"_links":{"self":[{"href":"http:\/\/lezamaasesores.com\/bioconfort\/wp-json\/wp\/v2\/pages\/859","targetHints":{"allow":["GET"]}}],"collection":[{"href":"http:\/\/lezamaasesores.com\/bioconfort\/wp-json\/wp\/v2\/pages"}],"about":[{"href":"http:\/\/lezamaasesores.com\/bioconfort\/wp-json\/wp\/v2\/types\/page"}],"author":[{"embeddable":true,"href":"http:\/\/lezamaasesores.com\/bioconfort\/wp-json\/wp\/v2\/users\/1"}],"replies":[{"embeddable":true,"href":"http:\/\/lezamaasesores.com\/bioconfort\/wp-json\/wp\/v2\/comments?post=859"}],"version-history":[{"count":37,"href":"http:\/\/lezamaasesores.com\/bioconfort\/wp-json\/wp\/v2\/pages\/859\/revisions"}],"predecessor-version":[{"id":1715,"href":"http:\/\/lezamaasesores.com\/bioconfort\/wp-json\/wp\/v2\/pages\/859\/revisions\/1715"}],"wp:attachment":[{"href":"http:\/\/lezamaasesores.com\/bioconfort\/wp-json\/wp\/v2\/media?parent=859"}],"curies":[{"name":"wp","href":"https:\/\/api.w.org\/{rel}","templated":true}]}}