{"id":475,"date":"2023-09-27T15:13:05","date_gmt":"2023-09-27T13:13:05","guid":{"rendered":"http:\/\/lezamaasesores.com\/ait\/?page_id=475"},"modified":"2023-09-27T15:30:31","modified_gmt":"2023-09-27T13:30:31","slug":"aviso-legal","status":"publish","type":"page","link":"http:\/\/lezamaasesores.com\/ait\/aviso-legal\/","title":{"rendered":"Aviso legal"},"content":{"rendered":"\t\t<div data-elementor-type=\"wp-page\" data-elementor-id=\"475\" class=\"elementor elementor-475\">\n\t\t\t\t\t\t\t<div class=\"elementor-element elementor-element-7aa6213 e-flex e-con-boxed e-con e-parent\" data-id=\"7aa6213\" data-element_type=\"container\" data-settings=\"{&quot;content_width&quot;:&quot;boxed&quot;,&quot;ekit_has_onepagescroll_dot&quot;:&quot;yes&quot;}\" data-core-v316-plus=\"true\">\n\t\t\t\t\t<div class=\"e-con-inner\">\n\t\t\t\t<div class=\"elementor-element elementor-element-6e32942 elementor-widget elementor-widget-heading\" data-id=\"6e32942\" data-element_type=\"widget\" data-settings=\"{&quot;ekit_we_effect_on&quot;:&quot;none&quot;}\" data-widget_type=\"heading.default\">\n\t\t\t\t<div class=\"elementor-widget-container\">\n\t\t\t<style>\/*! elementor - v3.16.0 - 14-09-2023 *\/\n.elementor-heading-title{padding:0;margin:0;line-height:1}.elementor-widget-heading .elementor-heading-title[class*=elementor-size-]>a{color:inherit;font-size:inherit;line-height:inherit}.elementor-widget-heading .elementor-heading-title.elementor-size-small{font-size:15px}.elementor-widget-heading .elementor-heading-title.elementor-size-medium{font-size:19px}.elementor-widget-heading .elementor-heading-title.elementor-size-large{font-size:29px}.elementor-widget-heading .elementor-heading-title.elementor-size-xl{font-size:39px}.elementor-widget-heading .elementor-heading-title.elementor-size-xxl{font-size:59px}<\/style><h2 class=\"elementor-heading-title elementor-size-default\">Aviso Legal<\/h2>\t\t<\/div>\n\t\t\t\t<\/div>\n\t\t\t\t<div class=\"elementor-element elementor-element-7b26b15 elementor-widget elementor-widget-text-editor\" data-id=\"7b26b15\" data-element_type=\"widget\" data-settings=\"{&quot;ekit_we_effect_on&quot;:&quot;none&quot;}\" data-widget_type=\"text-editor.default\">\n\t\t\t\t<div class=\"elementor-widget-container\">\n\t\t\t<style>\/*! elementor - v3.16.0 - 14-09-2023 *\/\n.elementor-widget-text-editor.elementor-drop-cap-view-stacked .elementor-drop-cap{background-color:#69727d;color:#fff}.elementor-widget-text-editor.elementor-drop-cap-view-framed .elementor-drop-cap{color:#69727d;border:3px solid;background-color:transparent}.elementor-widget-text-editor:not(.elementor-drop-cap-view-default) .elementor-drop-cap{margin-top:8px}.elementor-widget-text-editor:not(.elementor-drop-cap-view-default) .elementor-drop-cap-letter{width:1em;height:1em}.elementor-widget-text-editor .elementor-drop-cap{float:left;text-align:center;line-height:1;font-size:50px}.elementor-widget-text-editor .elementor-drop-cap-letter{display:inline-block}<\/style>\t\t\t\t<p>Con el fin de dar cumplimiento al art\u00edculo 10 de la Ley 34\/2002 de Servicios de la Sociedad de la Informaci\u00f3n y del Comercio Electr\u00f3nico, informamos a los usuarios de nuestros datos:<\/p><p>Denominaci\u00f3n Social: INTEGRAL ADVICE TELECO S.L. (AIT)<br \/>Domicilio Social: C\/ Monestir de Poblet, 5, entresuelo B, 12540 Vila-real, Castell\u00f3<br \/>NIF: B44504868<br \/>Tel\u00e9fono: 964880189<br \/>E-Mail:\u00a0<span id=\"cloakc9198f0d1066908f3ee30c85fd9e65fd\"><\/span><a href=\"mailto:ait@asesoriaintegralteleco.com\">ait@asesoriaintegralteleco.com<\/a><br \/>Sitio Web:\u00a0<a href=\"https:\/\/www.asesoriaintegralteleco.com\/\">https:\/\/www.asesoriaintegralteleco.com<\/a><br \/>Datos Registrales: Esta sociedad consta inscrita en el Registro Mercantil de Castell\u00f3n, Tomo 1757, folio 189, hoja CS40924, inscripci\u00f3n 2\u00aa.<\/p><h3><span style=\"color: #193357;\"><strong>1.- OBJETO<\/strong><\/span><\/h3><p><b>AIT<\/b>\u00a0como responsable de la web www.asesoriaintegralteleco.com, pone a disposici\u00f3n de los usuarios el presente documento, que regula el uso del mismo, con el que pretendemos dar cumplimiento a las obligaciones que dispone la Ley 34\/2002, de Servicios de la Sociedad de la Informaci\u00f3n y del Comercio Electr\u00f3nico (LSSICE), as\u00ed como informar a todos los usuarios del sitio web respecto de cu\u00e1les son las condiciones de uso del sitio web.<\/p><p>A trav\u00e9s de la web,\u00a0<b>AIT<\/b>\u00a0facilita a los usuarios el acceso y utilizaci\u00f3n de diferentes servicios y contenidos puestos a disposici\u00f3n a trav\u00e9s del web.<\/p><p>Toda persona que acceda a esta web asume el papel de usuario, e implica la aceptaci\u00f3n total y sin reservas de todas y cada una de las disposiciones incluidas en este aviso legal, as\u00ed como a cualesquiera otras disposiciones legales que fueran de aplicaci\u00f3n.<\/p><p>Como usuario, le recomendamos leer atentamente este Aviso Legal ocasionalmente cuando entre a la web, pues el prestador se reserva el derecho a modificar cualquier tipo de informaci\u00f3n que pudiera aparecer en la web, sin que exista la obligaci\u00f3n de pre-avisar o poner en conocimiento de los usuarios estas obligaciones, siendo suficientes la publicaci\u00f3n en el sitio web del prestador, por lo que puede sufrir modificaciones.<\/p><h3><span style=\"color: #193357;\"><strong>2.- CONDICIONES DE ACCESO Y USO DE LA WEB.<\/strong><\/span><\/h3><p>El acceso y uso de la web de\u00a0<b>AIT<\/b>\u00a0tiene car\u00e1cter gratuito para todos los USUARIOS. No obstante, algunos de los servicios suministrados por el prestador a trav\u00e9s de la Web est\u00e1n sujetos al pago de un precio determinado.<\/p><p>Con car\u00e1cter general, el acceso y uso de la web no exige la previa suscripci\u00f3n o registro de los USUARIOS. Sin embargo,\u00a0<b>AIT<\/b>\u00a0condiciona el uso de algunos de los servicios a la previa complementaci\u00f3n del correspondiente registro de USUARIO. Este registro se efectuar\u00e1 en la forma expresamente indicada en la propia secci\u00f3n del servicio.<\/p><h3><span style=\"color: #193357;\"><strong>3.- VERACIDAD DE LA INFORMACI\u00d3N<\/strong><\/span><\/h3><p>Toda la informaci\u00f3n que facilita el USUARIO tiene que ser veraz. A estos efectos, el USUARIO garantiza la autenticidad de los datos comunicados a trav\u00e9s de los formularios para la suscripci\u00f3n de los Servicios.<\/p><p>Ser\u00e1 responsabilidad del USUARIO mantener toda la informaci\u00f3n facilitada a\u00a0<b>AIT<\/b>\u00a0permanentemente actualizada de forma que responda, en cada momento, a su situaci\u00f3n real.<\/p><p>En todo caso, el USUARIO ser\u00e1 el \u00fanico responsable de las manifestaciones falsas o inexactas que realice y de los perjuicios que cause al prestador o a terceros.<\/p><h3><span style=\"color: #193357;\"><strong>4.- MENORES DE EDAD<\/strong><\/span><\/h3><p>Para el uso de los servicios que se ofrecen en la web, los menores de edad tienen que obtener siempre previamente el consentimiento de los padres, tutores o representantes legales, responsables \u00faltimos de todos los actos realizados por los menores a su cargo.<\/p><p>La responsabilidad en la determinaci\u00f3n de contenidos concretos a los cuales acceden los menores corresponde a aquellos, es por eso que si acceden a contenidos no apropiados por Internet, se tendr\u00e1n que establecer en sus ordenadores mecanismos, en particular programas inform\u00e1ticos, filtros y bloqueos, que permitan limitar los contenidos disponibles y, a pesar de que no sean infalibles, son de especial utilidad para controlar y restringir los materiales a los que pueden acceder los menores.<\/p><h3><span style=\"color: #193357;\"><strong>5.- OBLIGACI\u00d3N DE HACER UN USO CORRECTO DE LA WEB<\/strong><\/span><\/h3><p>El USUARIO se compromete a utilizar la web de conformidad a la Ley y al presente Aviso Legal, as\u00ed como a la moral y a buenas costumbres. A tal efecto, se abstendr\u00e1 de utilizar la p\u00e1gina con finalidades il\u00edcitas o prohibidas, lesivas de derechos e intereses de terceros, o que de cualquier forma puedan da\u00f1ar, inutilizar, sobrecargar, deteriorar o impedir la normal utilizaci\u00f3n de equipos inform\u00e1ticos o documentos, archivos y toda clase de contenidos almacenados en cualquier equipo inform\u00e1tico del prestador.<\/p><p>En particular, y a t\u00edtulo indicativo pero no exhaustivo, el USUARIO se compromete a no transmitir, difundir o poner a disposici\u00f3n de terceros informaciones, datos, contenidos, mensajes, gr\u00e1ficos, dibujos, archivos de sonido o imagen, fotograf\u00edas, grabaciones, software y, en general, cualquier clase de material que:<\/p><ul><li>(a) Sea contraria, desprecie o atente contra los derechos fundamentales y las libertades p\u00fablicas reconocidas constitucionalmente, en tratados internacionales y otras normas vigentes.<\/li><li>(b) Induzca, incite o promueva actuaciones delictivas, denigrantes, difamatorias, violentas o, en general, contrarias a la ley, a la moral y al orden p\u00fablico.<\/li><li>(c) Induzca, incite o promueva actuaciones, actitudes o pensamientos discriminatorios por raz\u00f3n de sexo, raza, religi\u00f3n, creencias, edad o condici\u00f3n.<\/li><li>(d) Sea contrario al derecho al honor, a la intimidad personal o familiar o a la propia imagen de las personas.<\/li><li>(e) De cualquier manera perjudique la credibilidad del prestador o de terceros.<\/li><li>(f) Constituya publicidad il\u00edcita, enga\u00f1osa o desleal.<\/li><\/ul><h3><span style=\"color: #193357;\"><strong>6.- EXCLUSI\u00d3N DE GARANT\u00cdAS Y RESPONSABILIDAD<\/strong><\/span><\/h3><p><b>AIT<\/b>\u00a0se exime de cualquier tipo de responsabilidad derivada de la informaci\u00f3n publicada en nuestro sitio web, siempre que esta informaci\u00f3n haya sido manipulada o introducida por un tercero ajeno.<\/p><p>Esta web ha sido revisada y probada para que funcione correctamente. En principio, se puede garantizar el correcto funcionamiento los 365 d\u00edas del a\u00f1o, 24 horas al d\u00eda. Sin embargo, el prestador no descarta la posibilidad que existan determinados errores de programaci\u00f3n, o que sucedan causas de fuerza mayor, cat\u00e1strofes naturales, huelgas, o circunstancias parecidas que hagan imposible el acceso a la p\u00e1gina web.<\/p><p><b>AIT<\/b>\u00a0no otorga ninguna garant\u00eda ni se hace responsable, en ning\u00fan caso, de los da\u00f1os y perjuicios de cualquier naturaleza que puedan salir a colaci\u00f3n de la falta de disponibilidad, mantenimiento y efectivo funcionamiento de la web o de sus servicios y contenidos; de la existencia de virus, programas maliciosos o lesivos en los contenidos; del uso il\u00edcito, negligente, fraudulento o contrario a este Aviso Legal y condiciones de uso; o de la falta de licitud, calidad, fiabilidad, utilidad y disponibilidad de los servicios prestados por terceros y ademanes a disposici\u00f3n de los usuarios en el sitio web.<\/p><p>Tampoco se hace responsable bajo ning\u00fan concepto de los da\u00f1os que puedan dimanar del uso ilegal o indebido de la presente p\u00e1gina web.<\/p><h3><span style=\"color: #193357;\"><strong>7.- COOKIES<\/strong><\/span><\/h3><p>La web puede utilizar cookies para llevar a cabo determinadas funciones que son consideradas imprescindibles para el correcto funcionamiento y visualizaci\u00f3n del lugar. Las cookies utilizadas tienen, en todo caso, car\u00e1cter temporal, con la \u00fanica finalidad de hacer m\u00e1s eficaz la navegaci\u00f3n, y desaparecen al acabar la sesi\u00f3n del usuario.<\/p><p>En ning\u00fan caso se utilizar\u00e1n las cookies para recoger informaci\u00f3n de car\u00e1cter personal. Para m\u00e1s informaci\u00f3n, ver nuestra Pol\u00edtica de Cookies.<\/p><h3><span style=\"color: #193357;\"><strong>8.- ENLACES (LINKS)<\/strong><\/span><\/h3><p>Desde la web es posible que se redirija a contenidos de terceras webs. Dado que desde la web no podemos controlar siempre los contenidos introducidos por los terceros,\u00a0<b>AIT<\/b>\u00a0no asume ning\u00fan tipo de responsabilidad respecto a estos contenidos. En todo caso, el prestador manifiesta que proceder\u00e1 a la retirada inmediata de cualquier contenido que pudiera contravenir la legislaci\u00f3n nacional o internacional, la moral o el orden p\u00fablico, procediendo a la retirada inmediata de la re-direcci\u00f3n a estas webs, poniendo en conocimiento de las autoridades competentes el contenido en cuesti\u00f3n.<\/p><p><b>AIT<\/b>\u00a0no se responsabiliza de la informaci\u00f3n y contenidos almacenados, a t\u00edtulo enunciativo pero no limitante, en foros, chats, generadores de blogs, comentarios, redes sociales o cualquiera otro medio que permita a terceros publicar contenidos de forma independiente a la web. Sin embargo, y en cumplimiento de lo que dispone el art. 11 y 16 de la LSSICE, la mercantil se pone a disposici\u00f3n de todos los usuarios, autoridades y fuerzas de seguridad, y colaborando de forma activa en la retirada o, cuando sea necesario, el bloqueo de todos aquellos contenidos que puedan afectar o contravenir la legislaci\u00f3n nacional, o internacional, derechos de terceros o la moral y el orden p\u00fablico.<\/p><p>En caso de que el USUARIO considere que puede existir alg\u00fan contenido que pudiera ser susceptible de esta clasificaci\u00f3n, se ruega lo notifique de forma inmediata al administrador de la web.<\/p><h3><span style=\"color: #193357;\"><strong>9.- PROTECCI\u00d3N DE DATOS PERSONALES<\/strong><\/span><\/h3><p><b>AIT<\/b>\u00a0est\u00e1 profundamente comprometida con el cumplimiento de la normativa de protecci\u00f3n de datos personales y garantiza el cumplimiento \u00edntegro de las obligaciones dispuestas, as\u00ed como la implementaci\u00f3n de las medidas de seguridad dispuestas al Reglamento Europeo de Protecci\u00f3n de datos y la normativa espa\u00f1ola de protecci\u00f3n de datos. Para m\u00e1s informaci\u00f3n, ver nuestra\u00a0<a href=\"https:\/\/asesoriaintegralteleco.com\/politica-de-privacidad\" target=\"_blank\" rel=\"noopener noreferrer\">Pol\u00edtica de Privacidad<\/a>.<\/p><h3><span style=\"color: #193357;\"><strong>10.- PROPIEDAD INTELECTUAL E INDUSTRIAL<\/strong><\/span><\/h3><p>El sitio web, incluyendo a t\u00edtulo enunciativo pero no limitativo la programaci\u00f3n, edici\u00f3n, compilaci\u00f3n y otros elementos necesarios para su funcionamiento, los dise\u00f1os, logotipos, textos, fotograf\u00edas y\/o gr\u00e1ficos son propiedad del prestador o, en caso de que fuera necesario, dispone de la licencia o autorizaci\u00f3n expresa por parte de los autores. Todos los contenidos del sitio web se encuentran debidamente protegidos por la normativa de propiedad intelectual e industrial.<\/p><p>Independientemente de la finalidad a la que fueran destinados, la reproducci\u00f3n total o parcial, uso, distribuci\u00f3n y comunicaci\u00f3n p\u00fablica requieren de la autorizaci\u00f3n escrita previa por parte de\u00a0<b>AIT<\/b>. Cualquier uso no autorizado previamente por parte de la mercantil ser\u00e1 considerado un incumplimiento grave de los derechos de propiedad intelectual o industrial del autor.<\/p><p>Los dise\u00f1os, logotipos, textos y\/o gr\u00e1ficos ajenos al prestador y que puedan aparecer en el sitio web, pertenecen a sus respectivos propietarios, siendo ellos mismos los responsables de cualquier posible controversia que pudiera acontecer respecto a los mismos. En todo caso, el prestador cuenta con la autorizaci\u00f3n expresa y previa por parte de los mismos.<\/p><p><b>AIT<\/b>\u00a0reconoce a favor de sus titulares los correspondientes derechos de propiedad industrial e intelectual, no implicando la menci\u00f3n o aparici\u00f3n en el sitio web, de la existencia de derechos o ninguna responsabilidad del prestador sobre los mismos, como tampoco respaldo, patrocinio o recomendaci\u00f3n por parte del mismo. Para realizar cualquier tipo de observaci\u00f3n respecto a posibles incumplimientos de los derechos de propiedad intelectual o industrial, as\u00ed como sobre cualquiera de los contenidos del sitio web, puede hacerlo a trav\u00e9s del correo electr\u00f3nico arriba rese\u00f1ado.<\/p><h3><span style=\"color: #193357;\"><strong>11.- LEY APLICABLE Y JURISDICCI\u00d3N<\/strong><\/span><\/h3><p>Para la resoluci\u00f3n de las controversias o cuestiones relacionadas con la presente p\u00e1gina web o de las actividades en esta desarrolladas, ser\u00e1 de aplicaci\u00f3n la legislaci\u00f3n espa\u00f1ola, a la que se someten expresamente las partes, siendo competentes por la resoluci\u00f3n de todos los conflictos derivados o relacionados con su uso los Juzgados y Tribunales de Castell\u00f3n.<\/p>\t\t\t\t\t\t<\/div>\n\t\t\t\t<\/div>\n\t\t\t\t\t<\/div>\n\t\t\t\t<\/div>\n\t\t\t\t\t\t\t<\/div>\n\t\t","protected":false},"excerpt":{"rendered":"<p>Aviso Legal Con el fin de dar cumplimiento al art\u00edculo 10 de la Ley 34\/2002 de Servicios de la Sociedad de la Informaci\u00f3n y del Comercio Electr\u00f3nico, informamos a los usuarios de nuestros datos: Denominaci\u00f3n Social: INTEGRAL ADVICE TELECO S.L. (AIT)Domicilio Social: C\/ Monestir de Poblet, 5, entresuelo B, 12540 Vila-real, Castell\u00f3NIF: B44504868Tel\u00e9fono: 964880189E-Mail:\u00a0ait@asesoriaintegralteleco.comSitio Web:\u00a0https:\/\/www.asesoriaintegralteleco.comDatos [&hellip;]<\/p>\n","protected":false},"author":1,"featured_media":0,"parent":0,"menu_order":0,"comment_status":"closed","ping_status":"closed","template":"","meta":{"footnotes":""},"class_list":["post-475","page","type-page","status-publish","hentry"],"_links":{"self":[{"href":"http:\/\/lezamaasesores.com\/ait\/wp-json\/wp\/v2\/pages\/475","targetHints":{"allow":["GET"]}}],"collection":[{"href":"http:\/\/lezamaasesores.com\/ait\/wp-json\/wp\/v2\/pages"}],"about":[{"href":"http:\/\/lezamaasesores.com\/ait\/wp-json\/wp\/v2\/types\/page"}],"author":[{"embeddable":true,"href":"http:\/\/lezamaasesores.com\/ait\/wp-json\/wp\/v2\/users\/1"}],"replies":[{"embeddable":true,"href":"http:\/\/lezamaasesores.com\/ait\/wp-json\/wp\/v2\/comments?post=475"}],"version-history":[{"count":10,"href":"http:\/\/lezamaasesores.com\/ait\/wp-json\/wp\/v2\/pages\/475\/revisions"}],"predecessor-version":[{"id":502,"href":"http:\/\/lezamaasesores.com\/ait\/wp-json\/wp\/v2\/pages\/475\/revisions\/502"}],"wp:attachment":[{"href":"http:\/\/lezamaasesores.com\/ait\/wp-json\/wp\/v2\/media?parent=475"}],"curies":[{"name":"wp","href":"https:\/\/api.w.org\/{rel}","templated":true}]}}