{"id":470,"date":"2023-09-27T15:10:37","date_gmt":"2023-09-27T13:10:37","guid":{"rendered":"http:\/\/lezamaasesores.com\/ait\/?page_id=470"},"modified":"2023-09-27T15:28:52","modified_gmt":"2023-09-27T13:28:52","slug":"politica-de-cookies","status":"publish","type":"page","link":"http:\/\/lezamaasesores.com\/ait\/politica-de-cookies\/","title":{"rendered":"Pol\u00edtica de cookies"},"content":{"rendered":"\t\t<div data-elementor-type=\"wp-page\" data-elementor-id=\"470\" class=\"elementor elementor-470\">\n\t\t\t\t\t\t\t<div class=\"elementor-element elementor-element-e13b6c3 e-flex e-con-boxed e-con e-parent\" data-id=\"e13b6c3\" data-element_type=\"container\" data-settings=\"{&quot;content_width&quot;:&quot;boxed&quot;,&quot;ekit_has_onepagescroll_dot&quot;:&quot;yes&quot;}\" data-core-v316-plus=\"true\">\n\t\t\t\t\t<div class=\"e-con-inner\">\n\t\t\t\t<div class=\"elementor-element elementor-element-42cc6f3 elementor-widget elementor-widget-heading\" data-id=\"42cc6f3\" data-element_type=\"widget\" data-settings=\"{&quot;ekit_we_effect_on&quot;:&quot;none&quot;}\" data-widget_type=\"heading.default\">\n\t\t\t\t<div class=\"elementor-widget-container\">\n\t\t\t<style>\/*! elementor - v3.16.0 - 14-09-2023 *\/\n.elementor-heading-title{padding:0;margin:0;line-height:1}.elementor-widget-heading .elementor-heading-title[class*=elementor-size-]>a{color:inherit;font-size:inherit;line-height:inherit}.elementor-widget-heading .elementor-heading-title.elementor-size-small{font-size:15px}.elementor-widget-heading .elementor-heading-title.elementor-size-medium{font-size:19px}.elementor-widget-heading .elementor-heading-title.elementor-size-large{font-size:29px}.elementor-widget-heading .elementor-heading-title.elementor-size-xl{font-size:39px}.elementor-widget-heading .elementor-heading-title.elementor-size-xxl{font-size:59px}<\/style><h2 class=\"elementor-heading-title elementor-size-default\">Pol\u00edtica de Cookies<\/h2>\t\t<\/div>\n\t\t\t\t<\/div>\n\t\t\t\t<div class=\"elementor-element elementor-element-c7de888 elementor-widget elementor-widget-text-editor\" data-id=\"c7de888\" data-element_type=\"widget\" data-settings=\"{&quot;ekit_we_effect_on&quot;:&quot;none&quot;}\" data-widget_type=\"text-editor.default\">\n\t\t\t\t<div class=\"elementor-widget-container\">\n\t\t\t<style>\/*! elementor - v3.16.0 - 14-09-2023 *\/\n.elementor-widget-text-editor.elementor-drop-cap-view-stacked .elementor-drop-cap{background-color:#69727d;color:#fff}.elementor-widget-text-editor.elementor-drop-cap-view-framed .elementor-drop-cap{color:#69727d;border:3px solid;background-color:transparent}.elementor-widget-text-editor:not(.elementor-drop-cap-view-default) .elementor-drop-cap{margin-top:8px}.elementor-widget-text-editor:not(.elementor-drop-cap-view-default) .elementor-drop-cap-letter{width:1em;height:1em}.elementor-widget-text-editor .elementor-drop-cap{float:left;text-align:center;line-height:1;font-size:50px}.elementor-widget-text-editor .elementor-drop-cap-letter{display:inline-block}<\/style>\t\t\t\t<div class=\"entry-content post-content\"><div id=\"vc_row-6514268c04ecb\" class=\"vc_row wpb_row vc_row-fluid vc_custom_1588446571091\"><div class=\"wpb_column vc_column_container vc_col-sm-12\"><div class=\"vc_column-inner \"><div class=\"wpb_wrapper\"><div class=\"wpb_text_column wpb_content_element \"><div class=\"wpb_wrapper\"><p>La web de\u00a0<b>INTEGRAL ADVICE TELECO S.L.<\/b>\u00a0utiliza cookies de sesi\u00f3n y de terceros para mejorar la experiencia del usuario.<\/p><p>A continuaci\u00f3n, encontrar\u00e1 informaci\u00f3n sobre qu\u00e9 son las cookies, qu\u00e9 tipo de cookies utiliza esta p\u00e1gina, c\u00f3mo puede desactivar las cookies en su navegador y c\u00f3mo desactivar espec\u00edficamente la instalaci\u00f3n de cookies de terceros. Si no encuentra la informaci\u00f3n espec\u00edfica que usted est\u00e1 buscando, por favor env\u00ede un correo a\u00a0<span id=\"cloak22417efa9440c6d36452defd9548a038\"><a href=\"mailto:ait@asesoriaintegralteleco.com\">ait@asesoriaintegralteleco.com<\/a><\/span><\/p><h3><span style=\"color: #193357;\"><strong>ANTECEDENTES<\/strong><\/span><\/h3><p>De conformidad con la normativa espa\u00f1ola que regula el uso de cookies en relaci\u00f3n a la prestaci\u00f3n de servicios de comunicaciones electr\u00f3nicas, recogida en el Real Decreto Ley 13\/2012 del 30 de marzo, le informamos sobre las cookies utilizadas en el sitio web de\u00a0<b>INTEGRAL ADVICE TELECO S.L.<\/b>\u00a0(tambi\u00e9n el prestador) y el motivo de su uso. Asimismo, le informa de que al navegar en el Sitio Web usted est\u00e1 prestando su consentimiento para poder utilizarlas.<\/p><h3><span style=\"color: #193357;\"><strong>\u00bfQU\u00c9 SON LAS COOKIES?<\/strong><\/span><\/h3><p>Una cookie es un fichero que se descarga en su ordenador al acceder a determinadas p\u00e1ginas web, entre otras finalidades, asegurar el correcto funcionamiento de la p\u00e1gina, permitir al Usuario un acceso m\u00e1s r\u00e1pido a los servicios seleccionados, almacenar y recuperar informaci\u00f3n sobre los h\u00e1bitos de navegaci\u00f3n de un usuario o de su equipo e incluso, dependiendo de la informaci\u00f3n que contengan y de la forma en que utilice su equipo, se pueden utilizar para reconocer al usuario. Las cookies se asocian \u00fanicamente a un usuario an\u00f3nimo y su ordenador o dispositivo y no proporcionan referencias que permitan conocer sus datos personales, salvo permiso expreso de aqu\u00e9l.<\/p><h3><span style=\"color: #193357;\"><strong>COOKIES AFECTADAS POR LA NORMATIVA Y COOKIES EXENTAS<\/strong><\/span><\/h3><p>Seg\u00fan la directiva de la UE, las cookies que requieren el consentimiento informado por parte del usuario son las cookies de anal\u00edtica y las de publicidad y afiliaci\u00f3n, quedando exceptuadas las de car\u00e1cter t\u00e9cnico y las necesarias para el funcionamiento del sitio web o la prestaci\u00f3n de servicios expresamente demandados por el usuario.<\/p><p>Por tanto, el usuario puede, en todo momento, aceptar o rechazar las cookies instaladas que no sean estrictamente necesarias para el correcto funcionamiento de la web y el acceso al Usuario a sus servicios, a trav\u00e9s del panel de ajuste de cookies proporcionado en nuestra web.<\/p><p>Asimismo podr\u00e1 configurar su navegador en todo momento sin que ello perjudique la posibilidad del Usuario de acceder a los contenidos. Sin embargo le informamos de que el rechazo de las cookies puede disminuir el buen funcionamiento de la web.<\/p><h3><span style=\"color: #193357;\"><strong>TIPOS DE COOKIES<\/strong><\/span><\/h3><ul><li>Seg\u00fan la\u00a0<b>entidad<\/b>\u00a0que las gestione, hay\u00a0<b>Cookies propias<\/b>\u00a0(aqu\u00e9llas que se env\u00edan al equipo terminal del usuario desde un equipo o dominio gestionado por el propio editor y desde el que se presta el servicio Solicitado por el usuario) y\u00a0<b>de terceros<\/b>\u00a0(las que se env\u00edan al equipo terminal del usuario desde un equipo o dominio que no es gestionado por el editor, sino por otra entidad que trata los datos obtenidos trav\u00e9s de las cookies).<\/li><li>Seg\u00fan el\u00a0<b>tiempo<\/b>\u00a0que permanecen activas, existen las de\u00a0<b>sesi\u00f3n<\/b>\u00a0(dise\u00f1adas para recabar y almacenar datos mientras el usuario accede a una p\u00e1gina web) y las\u00a0<b>persistentes<\/b>\u00a0(en las que los datos se almacenan en el terminal y pueden ser accedidos y tratados durante un periodo definido por el responsable de la cookie -puede ir de unos minutos a varios a\u00f1os-).<\/li><li>Seg\u00fan la\u00a0<b>finalidad<\/b>\u00a0para la que traten la informaci\u00f3n que recopilan, pueden ser:<ul><li><b>Cookies t\u00e9cnicas<\/b>\u00a0(necesarias para el uso de la web y la prestaci\u00f3n del servicio contratado).<\/li><li><b>Cookies de personalizaci\u00f3n<\/b>\u00a0(que permiten al usuario acceder al servicio con caracter\u00edsticas predefinidas, como por ejemplo el idioma, tipo de navegador, configuraci\u00f3n regional, etc.).<\/li><li><b>Cookies de an\u00e1lisis<\/b>\u00a0(recogen informaci\u00f3n el uso que se realiza de la web).<\/li><li><b>Cookies publicitarias<\/b>\u00a0(recogen informaci\u00f3n sobre las preferencias y elecciones personales de los usuarios).<\/li><li><b>Cookies de afiliados<\/b>\u00a0(permiten realizar un seguimiento de las visitas procedentes de otras webs, con las que el sitio web establece un contrato de afiliaci\u00f3n).<\/li><\/ul><\/li><\/ul><h3><span style=\"color: #193357;\"><strong>TIPOS DE COOKIES UTILIZADAS POR ESTE SITIO WEB<\/strong><\/span><\/h3><p>Las cookies utilizadas en nuestro sitio web son de sesi\u00f3n y de terceros, y nos permiten almacenar y acceder a informaci\u00f3n relativa al idioma, el tipo de navegador utilizado, y otras caracter\u00edsticas generales predefinidas por el usuario, as\u00ed como seguir y analizar la actividad que lleva a cabo para mejorar y prestar nuestros servicios de una manera m\u00e1s eficiente y personalizada. Las cookies usadas tienen, en todo caso, car\u00e1cter temporal, con la \u00fanica finalidad de hacer m\u00e1s eficaz la navegaci\u00f3n. En ning\u00fan caso estas cookies proporcionan por s\u00ed mismas datos de car\u00e1cter personal y no se usan para la recogida de los mismos.<\/p><p>La utilizaci\u00f3n de las cookies ofrece ventajas, como por ejemplo:<\/p><ul><li>Facilita al usuario la navegaci\u00f3n y el acceso a los diferentes servicios que ofrece este sitio web;<\/li><li>Evita al usuario tener que configurar las caracter\u00edsticas generales predefinidas cada vez que accede al sitio web; y<\/li><li>Favorece la mejora del funcionamiento y de los servicios prestados a trav\u00e9s de este sitio web, tras el correspondiente an\u00e1lisis de la informaci\u00f3n obtenida a trav\u00e9s de las cookies instaladas.<\/li><\/ul><p>Al acceder a nuestra web se le informa que si sigue navegando se le instalar\u00e1n diversas cookies de terceros consintiendo as\u00ed la instalaci\u00f3n de determinadas cookies que tendr\u00e1n como \u00fanica finalidad la de registrar el acceso a nuestro sitio web para la realizaci\u00f3n de estad\u00edsticas an\u00f3nimas sobre las visitas, recopilando informaci\u00f3n siempre de forma an\u00f3nima. No es necesario que acepte la instalaci\u00f3n de estas cookies, podr\u00e1 navegar igualmente por toda nuestra web.<\/p><p>En diversas secciones de nuestra web se podr\u00e1n instalar cookies de redes sociales, en concreto las siguientes:<\/p><ul><li>Cookie de Twitter, seg\u00fan lo dispuesto en su pol\u00edtica de privacidad y uso de cookies.<\/li><li>Cookie de Facebook, seg\u00fan lo dispuesto en su pol\u00edtica de cookies.<\/li><li>Cookie de LinkedIn, seg\u00fan lo dispuesto en su p\u00e1gina sobre el uso de las cookies.<\/li><li>Cookie de Google+ y Google Maps, seg\u00fan lo dispuesto en su p\u00e1gina sobre qu\u00e9 tipo de cookies utilizan.<\/li><\/ul><h3><span style=\"color: #193357;\"><strong>REVOCACI\u00d3N<\/strong><\/span><\/h3><p>En todo momento podr\u00e1 acceder a la configuraci\u00f3n de su navegador aceptando o rechazando todas las cookies, o bien seleccionar aqu\u00e9llas cuya instalaci\u00f3n admite y cu\u00e1les no, siguiendo uno de los siguientes procedimientos, que depende del navegador que utilice:<\/p><p><b>Google Chrome<\/b>\u00a0(en el Men\u00fa Herramientas):<\/p><p>Configuraci\u00f3n &gt; Mostrar opciones avanzadas &gt; Privacidad (Configuraci\u00f3n de contenido) &gt; Cookies: <a href=\"https:\/\/support.google.com\/chrome\/answer\/95647?co=GENIE.Platform%3DDesktopandhl=es\" target=\"_blank\" rel=\"noopener noreferrer\">https:\/\/support.google.com\/chrome\/answer\/95647?co=GENIE.Platform%3DDesktopandhl=es<\/a><\/p><p><b>Microsoft Internet Explorer\u00a0<\/b>(en el Men\u00fa Herramientas):<\/p><p>Opciones de Internet &gt; Privacidad &gt; Avanzada: <a href=\"https:\/\/support.microsoft.com\/es-es\/help\/17442\/windows-internet-explorer-delete-manage-cookies\" target=\"_blank\" rel=\"noopener noreferrer\">https:\/\/support.microsoft.com\/es-es\/help\/17442\/windows-internet-explorer-delete-manage-cookies<\/a><\/p><p><b>Firefox:<\/b><\/p><p>Opciones &gt; Privacidad &gt; Cookies: <a href=\"https:\/\/support.mozilla.org\/es\/kb\/habilitar-y-deshabilitar-cookies-sitios-web-rastrear-preferencias\" target=\"_blank\" rel=\"noopener noreferrer\">https:\/\/support.mozilla.org\/es\/kb\/habilitar-y-deshabilitar-cookies-sitios-web-rastrear-preferencias<\/a><\/p><p><b>Safari, iPad y iPhone:<\/b><\/p><p>Preferencias &gt; Privacidad: <a href=\"https:\/\/support.apple.com\/kb\/ph21411?locale=es_ES\" target=\"_blank\" rel=\"noopener noreferrer\">https:\/\/support.apple.com\/kb\/ph21411?locale=es_ES<\/a><\/p><p><b>Opera:<\/b><\/p><p>Configuraci\u00f3n &gt; Opciones &gt; Avanzado &gt; Cookies: <a href=\"http:\/\/help.opera.com\/Windows\/12.00\/es-ES\/cookies.html\" target=\"_blank\" rel=\"noopener noreferrer\">http:\/\/help.opera.com\/Windows\/12.00\/es-ES\/cookies.html\u00a0<\/a><\/p><p>Estos navegadores est\u00e1n sometidos a actualizaciones o modificaciones, por lo que no podemos garantizar que se ajusten completamente a la versi\u00f3n de su navegador. Tambi\u00e9n puede ser que utilice otro navegador no contemplado en estos enlaces como Konqueror, Arora, Flock, etc. Para evitar estos desajustes, puede acceder directamente desde las opciones de su navegador, generalmente en el men\u00fa de \u201cOpciones\u201d en la secci\u00f3n de \u201cPrivacidad\u201d. (Por favor, consulte la ayuda de su navegador para m\u00e1s informaci\u00f3n).<\/p><h3><span style=\"color: #193357;\"><strong>DESACTIVACI\u00d3N\/ACTIVACI\u00d3N Y ELIMINACI\u00d3N DE COOKIES<\/strong><\/span><\/h3><p>Para restringir o bloquear las cookies, se hace a trav\u00e9s de la configuraci\u00f3n del navegador.<\/p><p>Si no desea que los sitios web pongan ninguna cookie en su equipo, puede adaptar la configuraci\u00f3n del navegador de modo que se le notifique antes de que se coloque ninguna cookie. De igual modo, puede adaptar la configuraci\u00f3n de forma que el navegador rechace todas las cookies, o \u00fanicamente las cookies de terceros. Tambi\u00e9n puede eliminar cualquiera de las cookies que ya se encuentren en el equipo. Tenga en cuenta que tendr\u00e1 que adaptar por separado la configuraci\u00f3n de cada navegador y equipo que utilice.<\/p><p>Tenga en cuenta que si no desea recibir cookies, ya no podremos garantizar que nuestro sitio web funcione debidamente. Puede que algunas funciones del sitio se pierdan y es posible que ya no pueda ver ciertos sitios web. Adem\u00e1s, rechazar las cookies no significa que ya no vaya a ver anuncios publicitarios. Simplemente los anuncios no se ajustar\u00e1n a sus intereses y se repetir\u00e1n con m\u00e1s frecuencia.<\/p><p>Cada navegador posee un m\u00e9todo distinto para adaptar la configuraci\u00f3n. Si fuera necesario, consulte la funci\u00f3n de ayuda del navegador para establecer la configuraci\u00f3n correcta.<\/p><p>Para desactivar las cookies en el tel\u00e9fono m\u00f3vil, consulte el manual del dispositivo para obtener m\u00e1s informaci\u00f3n.<\/p><p>Puede obtener m\u00e1s informaci\u00f3n sobre las cookies en Internet, <a href=\"http:\/\/www.aboutcookies.org\/\" target=\"_blank\" rel=\"noopener noreferrer\">http:\/\/www.aboutcookies.org<\/a>.<\/p><p>Teniendo en cuenta la forma en la que funciona Internet y los sitios web, no siempre contamos con informaci\u00f3n de las cookies que colocan terceras partes a trav\u00e9s de nuestro sitio web. Esto se aplica especialmente a casos en los que nuestra p\u00e1gina web contiene lo que se denominan elementos integrados: textos, documentos, im\u00e1genes o breves pel\u00edculas que se almacenan en otra parte, pero se muestran en nuestro sitio web o a trav\u00e9s del mismo.<\/p><p>Por consiguiente, en caso de que se encuentre con este tipo de cookies en este sitio web y no est\u00e9n enumeradas en la lista anterior, le rogamos que nos lo comunique. O bien p\u00f3ngase en contacto directamente con el tercero para pedirle informaci\u00f3n sobre las cookies que coloca, la finalidad y la duraci\u00f3n de la cookie, y c\u00f3mo ha garantizado su privacidad.<\/p><h3><span style=\"color: #193357;\"><strong>INFORMACI\u00d3N RELACIONADA CON EL TRATAMIENTO DE DATOS PERSONALES (ART.13 RGPD)<\/strong><\/span><\/h3><p><b>\u00bfQui\u00e9n es el responsable del tratamiento de sus datos personales?<\/b><\/p><p><b>INTEGRAL ADVICE TELECO S.L.<\/b>\u00a0es el responsable del tratamiento de los datos personales que usted nos proporciona, sito en C\/Monestir de Poblet, n\u00ba5, entlo. B, 12540, Vila-Real (Castell\u00f3n) y con C.I.F. B-44504868, tel\u00e9fono 964 88 01 89 y mail\u00a0<span id=\"cloakb66ae5845f2b792f07301bf7037505a3\"><a href=\"mailto:ait@asesoriaintegralteleco.com\">ait@asesoriaintegralteleco.com<\/a><\/span><\/p><p>Si no desea que los sitios web pongan ninguna cookie en su equipo, puede adaptar la configuraci\u00f3n del navegador de modo que se le notifique antes de que se coloque ninguna cookie. De igual modo, puede adaptar la configuraci\u00f3n de forma que el navegador rechace todas las cookies, o \u00fanicamente las cookies de terceros. Tambi\u00e9n puede eliminar cualquiera de las cookies que ya se encuentren en el equipo. Tenga en cuenta que tendr\u00e1 que adaptar por separado la configuraci\u00f3n de cada navegador y equipo que utilice.<\/p><p><b>\u00bfPara qu\u00e9 utilizamos sus datos personales?<\/b><\/p><p>La informaci\u00f3n recopilada a trav\u00e9s de las cookies propias (cookies de sesi\u00f3n y de entrada de usuario) se suelen utilizar para rastrear las acciones del usuario al rellenar los formularios en l\u00ednea en varias p\u00e1ginas, o como cesta de la compra para hacer el seguimiento de los art\u00edculos que el usuario ha seleccionado al pulsar un bot\u00f3n, o para personalizar la interface del usuario al visitar la p\u00e1gina web.<\/p><p>La informaci\u00f3n recopilada a trav\u00e9s de las cookies de terceros es la siguiente:<\/p><ul><li>A trav\u00e9s de las cookies anal\u00edticas se analizan sus h\u00e1bitos de navegaci\u00f3n para mejorar los servicios prestados.<\/li><li>A trav\u00e9s de las cookies comportamentales se recoge informaci\u00f3n sobre las preferencias del usuario para gestionar los espacios publicitarios de la forma m\u00e1s eficaz posible.<\/li><li>A trav\u00e9s de las cookies publicitarias se mide el rendimiento de los anuncios y se proporcionan recomendaciones relativas a productos basadas en datos estad\u00edsticos.<\/li><\/ul><p>Para ver exactamente el uso de las cookies v\u00e9ase el cuadro sobre el uso de las cookies en esta web.<\/p><p><b>\u00bfCu\u00e1l es la base legal para el tratamiento de sus datos personales?<\/b><\/p><p>La legitimaci\u00f3n para el tratamiento de sus datos personales viene dada por su consentimiento, otorgado en el momento de ponerse en contacto con nosotros, para la utilizaci\u00f3n de cookies anal\u00edticas, comportamentales y publicitarias; para las cookies de sesi\u00f3n o personalizaci\u00f3n, la legitimaci\u00f3n para el tratamiento viene dada por el inter\u00e9s leg\u00edtimo del prestador (responsable del tratamiento).<\/p><p><b>\u00bfA qui\u00e9n comunicamos sus datos?<\/b><\/p><p>No se ceder\u00e1n ni comunicar\u00e1n datos a terceros, salvo por obligaci\u00f3n legal o a los terceros indicados en el caso de uso de cookies gestionadas por \u00e9stos.<\/p><p><b>\u00bfCu\u00e1l es el plazo de conservaci\u00f3n de sus datos?<\/b><\/p><p>El plazo de conservaci\u00f3n de los datos recogidos es el indicado en el cuadro sobre el uso de las cookies en esta web.<\/p><p><b>\u00bfCu\u00e1les son sus derechos?<\/b><\/p><p>Los derechos que amparan al usuario son los de acceso, rectificaci\u00f3n, supresi\u00f3n, portabilidad de los mismos, retirada del consentimiento (sin que ello afecte a la licitud del tratamiento otorgado previamente a su retirada), oposici\u00f3n al tratamiento, limitaci\u00f3n (en determinadas circunstancias) y a presentar una reclamaci\u00f3n ante la autoridad de control (la Agencia Espa\u00f1ola de protecci\u00f3n de datos, <a href=\"http:\/\/www.aepd.es\" target=\"_blank\" rel=\"noopener noreferrer\">www.aepd.es<\/a>).<\/p><\/div><\/div><\/div><\/div><\/div><\/div><\/div>\t\t\t\t\t\t<\/div>\n\t\t\t\t<\/div>\n\t\t\t\t\t<\/div>\n\t\t\t\t<\/div>\n\t\t\t\t\t\t\t<\/div>\n\t\t","protected":false},"excerpt":{"rendered":"<p>Pol\u00edtica de Cookies La web de\u00a0INTEGRAL ADVICE TELECO S.L.\u00a0utiliza cookies de sesi\u00f3n y de terceros para mejorar la experiencia del usuario. A continuaci\u00f3n, encontrar\u00e1 informaci\u00f3n sobre qu\u00e9 son las cookies, qu\u00e9 tipo de cookies utiliza esta p\u00e1gina, c\u00f3mo puede desactivar las cookies en su navegador y c\u00f3mo desactivar espec\u00edficamente la instalaci\u00f3n de cookies de terceros. [&hellip;]<\/p>\n","protected":false},"author":1,"featured_media":0,"parent":0,"menu_order":0,"comment_status":"closed","ping_status":"closed","template":"","meta":{"footnotes":""},"class_list":["post-470","page","type-page","status-publish","hentry"],"_links":{"self":[{"href":"http:\/\/lezamaasesores.com\/ait\/wp-json\/wp\/v2\/pages\/470","targetHints":{"allow":["GET"]}}],"collection":[{"href":"http:\/\/lezamaasesores.com\/ait\/wp-json\/wp\/v2\/pages"}],"about":[{"href":"http:\/\/lezamaasesores.com\/ait\/wp-json\/wp\/v2\/types\/page"}],"author":[{"embeddable":true,"href":"http:\/\/lezamaasesores.com\/ait\/wp-json\/wp\/v2\/users\/1"}],"replies":[{"embeddable":true,"href":"http:\/\/lezamaasesores.com\/ait\/wp-json\/wp\/v2\/comments?post=470"}],"version-history":[{"count":10,"href":"http:\/\/lezamaasesores.com\/ait\/wp-json\/wp\/v2\/pages\/470\/revisions"}],"predecessor-version":[{"id":499,"href":"http:\/\/lezamaasesores.com\/ait\/wp-json\/wp\/v2\/pages\/470\/revisions\/499"}],"wp:attachment":[{"href":"http:\/\/lezamaasesores.com\/ait\/wp-json\/wp\/v2\/media?parent=470"}],"curies":[{"name":"wp","href":"https:\/\/api.w.org\/{rel}","templated":true}]}}